{"id":9,"date":"2020-01-24T13:56:09","date_gmt":"2020-01-24T12:56:09","guid":{"rendered":"http:\/\/sminne-avocat.fr\/?page_id=9"},"modified":"2020-02-13T12:41:10","modified_gmt":"2020-02-13T11:41:10","slug":"droit-commercial","status":"publish","type":"page","link":"https:\/\/sminne-avocat.fr\/index.php\/droit-commercial\/","title":{"rendered":"DROIT COMMERCIAL"},"content":{"rendered":"\t\t<div data-elementor-type=\"wp-page\" data-elementor-id=\"9\" class=\"elementor elementor-9\">\n\t\t\t\t\t\t<div class=\"elementor-inner\">\n\t\t\t\t<div class=\"elementor-section-wrap\">\n\t\t\t\t\t\t\t\t\t<section class=\"elementor-section elementor-top-section elementor-element elementor-element-20aec1 elementor-section-boxed elementor-section-height-default elementor-section-height-default\" data-id=\"20aec1\" data-element_type=\"section\" data-settings=\"{&quot;background_background&quot;:&quot;classic&quot;}\">\n\t\t\t\t\t\t<div class=\"elementor-container elementor-column-gap-default\">\n\t\t\t\t\t\t\t<div class=\"elementor-row\">\n\t\t\t\t\t<div class=\"elementor-column elementor-col-100 elementor-top-column elementor-element elementor-element-5ee4e2ac\" data-id=\"5ee4e2ac\" data-element_type=\"column\">\n\t\t\t<div class=\"elementor-column-wrap elementor-element-populated\">\n\t\t\t\t\t\t\t<div class=\"elementor-widget-wrap\">\n\t\t\t\t\t\t<div class=\"elementor-element elementor-element-270b32b1 elementor-widget elementor-widget-heading\" data-id=\"270b32b1\" data-element_type=\"widget\" data-widget_type=\"heading.default\">\n\t\t\t\t<div class=\"elementor-widget-container\">\n\t\t\t<h1 class=\"elementor-heading-title elementor-size-default\">LE DROIT COMMERCIAL<\/h1>\t\t<\/div>\n\t\t\t\t<\/div>\n\t\t\t\t<div class=\"elementor-element elementor-element-732ef186 elementor-widget elementor-widget-spacer\" data-id=\"732ef186\" data-element_type=\"widget\" data-widget_type=\"spacer.default\">\n\t\t\t\t<div class=\"elementor-widget-container\">\n\t\t\t\t\t<div class=\"elementor-spacer\">\n\t\t\t<div class=\"elementor-spacer-inner\"><\/div>\n\t\t<\/div>\n\t\t\t\t<\/div>\n\t\t\t\t<\/div>\n\t\t\t\t<section class=\"elementor-section elementor-inner-section elementor-element elementor-element-4e94cf14 elementor-section-boxed elementor-section-height-default elementor-section-height-default\" data-id=\"4e94cf14\" data-element_type=\"section\">\n\t\t\t\t\t\t<div class=\"elementor-container elementor-column-gap-wide\">\n\t\t\t\t\t\t\t<div class=\"elementor-row\">\n\t\t\t\t\t<div class=\"elementor-column elementor-col-50 elementor-inner-column elementor-element elementor-element-155484bf\" data-id=\"155484bf\" data-element_type=\"column\">\n\t\t\t<div class=\"elementor-column-wrap elementor-element-populated\">\n\t\t\t\t\t\t\t<div class=\"elementor-widget-wrap\">\n\t\t\t\t\t\t<div class=\"elementor-element elementor-element-6d0ec383 elementor-widget elementor-widget-heading\" data-id=\"6d0ec383\" data-element_type=\"widget\" data-widget_type=\"heading.default\">\n\t\t\t\t<div class=\"elementor-widget-container\">\n\t\t\t<h2 class=\"elementor-heading-title elementor-size-default\">Droit de la distribution<\/h2>\t\t<\/div>\n\t\t\t\t<\/div>\n\t\t\t\t<div class=\"elementor-element elementor-element-14c92acf elementor-widget-divider--view-line elementor-widget elementor-widget-divider\" data-id=\"14c92acf\" data-element_type=\"widget\" data-widget_type=\"divider.default\">\n\t\t\t\t<div class=\"elementor-widget-container\">\n\t\t\t\t\t<div class=\"elementor-divider\">\n\t\t\t<span class=\"elementor-divider-separator\">\n\t\t\t\t\t\t<\/span>\n\t\t<\/div>\n\t\t\t\t<\/div>\n\t\t\t\t<\/div>\n\t\t\t\t<div class=\"elementor-element elementor-element-370d89c elementor-widget elementor-widget-image\" data-id=\"370d89c\" data-element_type=\"widget\" data-widget_type=\"image.default\">\n\t\t\t\t<div class=\"elementor-widget-container\">\n\t\t\t\t\t\t\t\t<div class=\"elementor-image\">\n\t\t\t\t\t\t\t\t\t\t\t\t<img width=\"1500\" height=\"1000\" src=\"https:\/\/sminne-avocat.fr\/wp-content\/uploads\/2020\/02\/Droit-de-la-Distribution-e1581592960761.png\" class=\"attachment-full size-full\" alt=\"Illustration Droit de la Distribution\" loading=\"lazy\" \/>\t\t\t\t\t\t\t\t\t\t\t\t\t\t<\/div>\n\t\t\t\t\t\t<\/div>\n\t\t\t\t<\/div>\n\t\t\t\t<div class=\"elementor-element elementor-element-10aff29c elementor-widget elementor-widget-text-editor\" data-id=\"10aff29c\" data-element_type=\"widget\" data-widget_type=\"text-editor.default\">\n\t\t\t\t<div class=\"elementor-widget-container\">\n\t\t\t\t\t\t\t\t<div class=\"elementor-text-editor elementor-clearfix\">\n\t\t\t\t<p>Les contrats de distribution permettent \u00e0 l\u2019entreprise d\u2019organiser la commercialisation de ses produits et services.<\/p><p>Je vous assiste dans l&rsquo;audit, la n\u00e9gociation et la r\u00e9daction des contrats de distribution.<\/p><p>Le cas \u00e9ch\u00e9ant et dans l&rsquo;hypoth\u00e8se d&rsquo;un contentieux, je vous accompagne devant les juridictions comp\u00e9tentes.<\/p><p>Le Droit de la Distribution est un de mes champs d&rsquo;expertise favori. Pour preuve, j&rsquo;ai plaisir \u00e0 partager mon savoir-faire en enseignant la m\u00e9canique de la r\u00e9daction de contrats aupr\u00e8s d&rsquo;\u00e9tudiants en Droit de la Distribution, en Master 2 \u00e0 la Facult\u00e9 de Lille 2.<\/p>\t\t\t\t\t<\/div>\n\t\t\t\t\t\t<\/div>\n\t\t\t\t<\/div>\n\t\t\t\t\t\t<\/div>\n\t\t\t\t\t<\/div>\n\t\t<\/div>\n\t\t\t\t<div class=\"elementor-column elementor-col-50 elementor-inner-column elementor-element elementor-element-48843093\" data-id=\"48843093\" data-element_type=\"column\">\n\t\t\t<div class=\"elementor-column-wrap elementor-element-populated\">\n\t\t\t\t\t\t\t<div class=\"elementor-widget-wrap\">\n\t\t\t\t\t\t<div class=\"elementor-element elementor-element-3faf919a elementor-widget elementor-widget-heading\" data-id=\"3faf919a\" data-element_type=\"widget\" data-widget_type=\"heading.default\">\n\t\t\t\t<div class=\"elementor-widget-container\">\n\t\t\t<h2 class=\"elementor-heading-title elementor-size-default\">Loi GAYSSOT<\/h2>\t\t<\/div>\n\t\t\t\t<\/div>\n\t\t\t\t<div class=\"elementor-element elementor-element-213375b7 elementor-widget-divider--view-line elementor-widget elementor-widget-divider\" data-id=\"213375b7\" data-element_type=\"widget\" data-widget_type=\"divider.default\">\n\t\t\t\t<div class=\"elementor-widget-container\">\n\t\t\t\t\t<div class=\"elementor-divider\">\n\t\t\t<span class=\"elementor-divider-separator\">\n\t\t\t\t\t\t<\/span>\n\t\t<\/div>\n\t\t\t\t<\/div>\n\t\t\t\t<\/div>\n\t\t\t\t<div class=\"elementor-element elementor-element-1fe3c816 elementor-widget elementor-widget-text-editor\" data-id=\"1fe3c816\" data-element_type=\"widget\" data-widget_type=\"text-editor.default\">\n\t\t\t\t<div class=\"elementor-widget-container\">\n\t\t\t\t\t\t\t\t<div class=\"elementor-text-editor elementor-clearfix\">\n\t\t\t\t<p>La loi GAYSSOT a cr\u00e9\u00e9 une action directe au b\u00e9n\u00e9fice des voituriers victimes d\u2019un impay\u00e9 ce qui fait peser sur le destinataire ou l\u2019exp\u00e9diteur du transport un risque de double paiement.<\/p><p>Le cabinet vous assiste dans la gestion des r\u00e9clamations des transporteurs et au cours du contentieux devant le Tribunal de Commerce.<\/p>\t\t\t\t\t<\/div>\n\t\t\t\t\t\t<\/div>\n\t\t\t\t<\/div>\n\t\t\t\t<div class=\"elementor-element elementor-element-2688cf6f elementor-widget elementor-widget-image\" data-id=\"2688cf6f\" data-element_type=\"widget\" data-widget_type=\"image.default\">\n\t\t\t\t<div class=\"elementor-widget-container\">\n\t\t\t\t\t\t\t\t<div class=\"elementor-image\">\n\t\t\t\t\t\t\t\t\t\t\t\t<img width=\"2500\" height=\"1273\" src=\"https:\/\/sminne-avocat.fr\/wp-content\/uploads\/2020\/02\/loi-gayssot.png\" class=\"attachment-full size-full\" alt=\"Illustration Loi Gayssot\" loading=\"lazy\" srcset=\"https:\/\/sminne-avocat.fr\/wp-content\/uploads\/2020\/02\/loi-gayssot.png 2500w, https:\/\/sminne-avocat.fr\/wp-content\/uploads\/2020\/02\/loi-gayssot-300x153.png 300w, https:\/\/sminne-avocat.fr\/wp-content\/uploads\/2020\/02\/loi-gayssot-1024x521.png 1024w, https:\/\/sminne-avocat.fr\/wp-content\/uploads\/2020\/02\/loi-gayssot-768x391.png 768w, https:\/\/sminne-avocat.fr\/wp-content\/uploads\/2020\/02\/loi-gayssot-1536x782.png 1536w, https:\/\/sminne-avocat.fr\/wp-content\/uploads\/2020\/02\/loi-gayssot-2048x1043.png 2048w\" sizes=\"(max-width: 2500px) 100vw, 2500px\" \/>\t\t\t\t\t\t\t\t\t\t\t\t\t\t<\/div>\n\t\t\t\t\t\t<\/div>\n\t\t\t\t<\/div>\n\t\t\t\t\t\t<\/div>\n\t\t\t\t\t<\/div>\n\t\t<\/div>\n\t\t\t\t\t\t\t\t<\/div>\n\t\t\t\t\t<\/div>\n\t\t<\/section>\n\t\t\t\t<div class=\"elementor-element elementor-element-7d63681e elementor-widget elementor-widget-spacer\" data-id=\"7d63681e\" data-element_type=\"widget\" data-widget_type=\"spacer.default\">\n\t\t\t\t<div class=\"elementor-widget-container\">\n\t\t\t\t\t<div class=\"elementor-spacer\">\n\t\t\t<div class=\"elementor-spacer-inner\"><\/div>\n\t\t<\/div>\n\t\t\t\t<\/div>\n\t\t\t\t<\/div>\n\t\t\t\t<section class=\"elementor-section elementor-inner-section elementor-element elementor-element-4b8b12fb elementor-section-boxed elementor-section-height-default elementor-section-height-default\" data-id=\"4b8b12fb\" data-element_type=\"section\">\n\t\t\t\t\t\t<div class=\"elementor-container elementor-column-gap-wide\">\n\t\t\t\t\t\t\t<div class=\"elementor-row\">\n\t\t\t\t\t<div class=\"elementor-column elementor-col-50 elementor-inner-column elementor-element elementor-element-2e85e538\" data-id=\"2e85e538\" data-element_type=\"column\">\n\t\t\t<div class=\"elementor-column-wrap elementor-element-populated\">\n\t\t\t\t\t\t\t<div class=\"elementor-widget-wrap\">\n\t\t\t\t\t\t<div class=\"elementor-element elementor-element-6c0dee52 elementor-widget elementor-widget-heading\" data-id=\"6c0dee52\" data-element_type=\"widget\" data-widget_type=\"heading.default\">\n\t\t\t\t<div class=\"elementor-widget-container\">\n\t\t\t<h2 class=\"elementor-heading-title elementor-size-default\">Concurrence d\u00e9loyale<\/h2>\t\t<\/div>\n\t\t\t\t<\/div>\n\t\t\t\t<div class=\"elementor-element elementor-element-507e99f5 elementor-widget-divider--view-line elementor-widget elementor-widget-divider\" data-id=\"507e99f5\" data-element_type=\"widget\" data-widget_type=\"divider.default\">\n\t\t\t\t<div class=\"elementor-widget-container\">\n\t\t\t\t\t<div class=\"elementor-divider\">\n\t\t\t<span class=\"elementor-divider-separator\">\n\t\t\t\t\t\t<\/span>\n\t\t<\/div>\n\t\t\t\t<\/div>\n\t\t\t\t<\/div>\n\t\t\t\t<div class=\"elementor-element elementor-element-13122c70 elementor-widget elementor-widget-image\" data-id=\"13122c70\" data-element_type=\"widget\" data-widget_type=\"image.default\">\n\t\t\t\t<div class=\"elementor-widget-container\">\n\t\t\t\t\t\t\t\t<div class=\"elementor-image\">\n\t\t\t\t\t\t\t\t\t\t\t\t<img width=\"2500\" height=\"1406\" src=\"https:\/\/sminne-avocat.fr\/wp-content\/uploads\/2020\/02\/Concurrence-d\u00e9loyale.png\" class=\"attachment-full size-full\" alt=\"Illustration Concurrence D\u00e9loyale\" loading=\"lazy\" srcset=\"https:\/\/sminne-avocat.fr\/wp-content\/uploads\/2020\/02\/Concurrence-d\u00e9loyale.png 2500w, https:\/\/sminne-avocat.fr\/wp-content\/uploads\/2020\/02\/Concurrence-d\u00e9loyale-300x169.png 300w, https:\/\/sminne-avocat.fr\/wp-content\/uploads\/2020\/02\/Concurrence-d\u00e9loyale-1024x576.png 1024w, https:\/\/sminne-avocat.fr\/wp-content\/uploads\/2020\/02\/Concurrence-d\u00e9loyale-768x432.png 768w, https:\/\/sminne-avocat.fr\/wp-content\/uploads\/2020\/02\/Concurrence-d\u00e9loyale-1536x864.png 1536w, https:\/\/sminne-avocat.fr\/wp-content\/uploads\/2020\/02\/Concurrence-d\u00e9loyale-2048x1152.png 2048w\" sizes=\"(max-width: 2500px) 100vw, 2500px\" \/>\t\t\t\t\t\t\t\t\t\t\t\t\t\t<\/div>\n\t\t\t\t\t\t<\/div>\n\t\t\t\t<\/div>\n\t\t\t\t<div class=\"elementor-element elementor-element-34f5f409 elementor-widget elementor-widget-text-editor\" data-id=\"34f5f409\" data-element_type=\"widget\" data-widget_type=\"text-editor.default\">\n\t\t\t\t<div class=\"elementor-widget-container\">\n\t\t\t\t\t\t\t\t<div class=\"elementor-text-editor elementor-clearfix\">\n\t\t\t\t<p>Le cabinet vous assiste dans la protection de vos investissements. Le droit de la concurrence d\u00e9loyale permet en effet \u00e0 une entreprise qui ne dispose pas de droits de propri\u00e9t\u00e9 intellectuelle d\u2019interdire \u00e0 ses concurrents de b\u00e9n\u00e9ficier de ses investissements. Le cabinet dispose d\u2019une solide pratique en la mati\u00e8re et saura vous assister si vous \u00eates confront\u00e9s \u00e0 des actes de d\u00e9nigrement, d\u2019imitation ou de d\u00e9bauchage.<\/p><p>Je suis personnellement \u00e0 vos c\u00f4t\u00e9s dans ce type de dossier, depuis la constatation des actes et jusqu\u2019au suivi du contentieux dans lequel mon cabinet s&rsquo;implique int\u00e9gralement vers une issue qui vous soit favorable et juste.<\/p>\t\t\t\t\t<\/div>\n\t\t\t\t\t\t<\/div>\n\t\t\t\t<\/div>\n\t\t\t\t\t\t<\/div>\n\t\t\t\t\t<\/div>\n\t\t<\/div>\n\t\t\t\t<div class=\"elementor-column elementor-col-50 elementor-inner-column elementor-element elementor-element-27cb92ac\" data-id=\"27cb92ac\" data-element_type=\"column\">\n\t\t\t<div class=\"elementor-column-wrap elementor-element-populated\">\n\t\t\t\t\t\t\t<div class=\"elementor-widget-wrap\">\n\t\t\t\t\t\t<div class=\"elementor-element elementor-element-e7c82b6 elementor-widget elementor-widget-heading\" data-id=\"e7c82b6\" data-element_type=\"widget\" data-widget_type=\"heading.default\">\n\t\t\t\t<div class=\"elementor-widget-container\">\n\t\t\t<h2 class=\"elementor-heading-title elementor-size-default\">Contrats commerciaux<\/h2>\t\t<\/div>\n\t\t\t\t<\/div>\n\t\t\t\t<div class=\"elementor-element elementor-element-7f7ae0d8 elementor-widget-divider--view-line elementor-widget elementor-widget-divider\" data-id=\"7f7ae0d8\" data-element_type=\"widget\" data-widget_type=\"divider.default\">\n\t\t\t\t<div class=\"elementor-widget-container\">\n\t\t\t\t\t<div class=\"elementor-divider\">\n\t\t\t<span class=\"elementor-divider-separator\">\n\t\t\t\t\t\t<\/span>\n\t\t<\/div>\n\t\t\t\t<\/div>\n\t\t\t\t<\/div>\n\t\t\t\t<div class=\"elementor-element elementor-element-295ddf60 elementor-widget elementor-widget-text-editor\" data-id=\"295ddf60\" data-element_type=\"widget\" data-widget_type=\"text-editor.default\">\n\t\t\t\t<div class=\"elementor-widget-container\">\n\t\t\t\t\t\t\t\t<div class=\"elementor-text-editor elementor-clearfix\">\n\t\t\t\t<p>PME comme Groupes, le cabinet Sandrine Minne AVOCATS est quotidiennement \u00e0 vos c\u00f4t\u00e9s, de fa\u00e7on op\u00e9rationnelle, dans la n\u00e9gociation de vos contrats commerciaux.<\/p><p>Le cas \u00e9ch\u00e9ant, nous vous repr\u00e9sentons devant le Tribunal de Commerce.<\/p>\t\t\t\t\t<\/div>\n\t\t\t\t\t\t<\/div>\n\t\t\t\t<\/div>\n\t\t\t\t<div class=\"elementor-element elementor-element-18a72d8b elementor-widget elementor-widget-image\" data-id=\"18a72d8b\" data-element_type=\"widget\" data-widget_type=\"image.default\">\n\t\t\t\t<div class=\"elementor-widget-container\">\n\t\t\t\t\t\t\t\t<div class=\"elementor-image\">\n\t\t\t\t\t\t\t\t\t\t\t\t<img width=\"2500\" height=\"1667\" src=\"https:\/\/sminne-avocat.fr\/wp-content\/uploads\/2020\/02\/Contrats-commerciaux.png\" class=\"attachment-full size-full\" alt=\"Illustration Contrats Commerciaux\" loading=\"lazy\" srcset=\"https:\/\/sminne-avocat.fr\/wp-content\/uploads\/2020\/02\/Contrats-commerciaux.png 2500w, https:\/\/sminne-avocat.fr\/wp-content\/uploads\/2020\/02\/Contrats-commerciaux-300x200.png 300w, https:\/\/sminne-avocat.fr\/wp-content\/uploads\/2020\/02\/Contrats-commerciaux-1024x683.png 1024w, https:\/\/sminne-avocat.fr\/wp-content\/uploads\/2020\/02\/Contrats-commerciaux-768x512.png 768w, https:\/\/sminne-avocat.fr\/wp-content\/uploads\/2020\/02\/Contrats-commerciaux-1536x1024.png 1536w, https:\/\/sminne-avocat.fr\/wp-content\/uploads\/2020\/02\/Contrats-commerciaux-2048x1366.png 2048w\" sizes=\"(max-width: 2500px) 100vw, 2500px\" \/>\t\t\t\t\t\t\t\t\t\t\t\t\t\t<\/div>\n\t\t\t\t\t\t<\/div>\n\t\t\t\t<\/div>\n\t\t\t\t\t\t<\/div>\n\t\t\t\t\t<\/div>\n\t\t<\/div>\n\t\t\t\t\t\t\t\t<\/div>\n\t\t\t\t\t<\/div>\n\t\t<\/section>\n\t\t\t\t<div class=\"elementor-element elementor-element-269c7311 elementor-widget elementor-widget-spacer\" data-id=\"269c7311\" data-element_type=\"widget\" data-widget_type=\"spacer.default\">\n\t\t\t\t<div class=\"elementor-widget-container\">\n\t\t\t\t\t<div class=\"elementor-spacer\">\n\t\t\t<div class=\"elementor-spacer-inner\"><\/div>\n\t\t<\/div>\n\t\t\t\t<\/div>\n\t\t\t\t<\/div>\n\t\t\t\t\t\t<\/div>\n\t\t\t\t\t<\/div>\n\t\t<\/div>\n\t\t\t\t\t\t\t\t<\/div>\n\t\t\t\t\t<\/div>\n\t\t<\/section>\n\t\t\t\t\t\t\t\t\t<\/div>\n\t\t\t<\/div>\n\t\t\t\t\t<\/div>\n\t\t","protected":false},"excerpt":{"rendered":"<p>LE DROIT COMMERCIAL Droit de la distribution Les contrats de distribution permettent \u00e0 l\u2019entreprise d\u2019organiser la commercialisation de ses produits et services. Je vous assiste dans l&rsquo;audit, la n\u00e9gociation et la r\u00e9daction des contrats de distribution. Le cas \u00e9ch\u00e9ant et dans l&rsquo;hypoth\u00e8se d&rsquo;un contentieux, je vous accompagne devant les juridictions comp\u00e9tentes. Le Droit de la [&hellip;]<\/p>\n","protected":false},"author":1,"featured_media":0,"parent":0,"menu_order":0,"comment_status":"closed","ping_status":"closed","template":"","meta":[],"yoast_head":"<!-- This site is optimized with the Yoast SEO plugin v18.6 - https:\/\/yoast.com\/wordpress\/plugins\/seo\/ -->\n<title>DROIT COMMERCIAL - Sandrine MINNE, AVOCAT SDC Lille M\u00e9tropole<\/title>\n<meta name=\"description\" content=\"En Droit Commercial, je vous conseille et d\u00e9fends vos droits sur : Droit de la distribution - Loi Gayssot - Concurrence d\u00e9loyale - Contrat commercial\" \/>\n<meta name=\"robots\" content=\"index, follow, max-snippet:-1, max-image-preview:large, max-video-preview:-1\" \/>\n<link rel=\"canonical\" href=\"https:\/\/sminne-avocat.fr\/index.php\/droit-commercial\/\" \/>\n<meta property=\"og:locale\" content=\"fr_FR\" \/>\n<meta property=\"og:type\" content=\"article\" \/>\n<meta property=\"og:title\" content=\"DROIT COMMERCIAL - Sandrine MINNE, AVOCAT SDC Lille M\u00e9tropole\" \/>\n<meta property=\"og:description\" content=\"En Droit Commercial, je vous conseille et d\u00e9fends vos droits sur : Droit de la distribution - Loi Gayssot - Concurrence d\u00e9loyale - Contrat commercial\" \/>\n<meta property=\"og:url\" content=\"https:\/\/sminne-avocat.fr\/index.php\/droit-commercial\/\" \/>\n<meta property=\"og:site_name\" content=\"Sandrine MINNE, AVOCAT\" \/>\n<meta property=\"article:modified_time\" content=\"2020-02-13T11:41:10+00:00\" \/>\n<meta property=\"og:image\" content=\"http:\/\/sminne-avocat.fr\/wp-content\/uploads\/2020\/02\/Droit-de-la-Distribution-e1581592960761.png\" \/>\n<meta name=\"twitter:card\" content=\"summary_large_image\" \/>\n<meta name=\"twitter:label1\" content=\"Dur\u00e9e de lecture estim\u00e9e\" \/>\n\t<meta name=\"twitter:data1\" content=\"2 minutes\" \/>\n<script type=\"application\/ld+json\" class=\"yoast-schema-graph\">{\"@context\":\"https:\/\/schema.org\",\"@graph\":[{\"@type\":\"WebSite\",\"@id\":\"https:\/\/sminne-avocat.fr\/#website\",\"url\":\"https:\/\/sminne-avocat.fr\/\",\"name\":\"Sandrine MINNE, AVOCAT\",\"description\":\"\",\"potentialAction\":[{\"@type\":\"SearchAction\",\"target\":{\"@type\":\"EntryPoint\",\"urlTemplate\":\"https:\/\/sminne-avocat.fr\/?s={search_term_string}\"},\"query-input\":\"required name=search_term_string\"}],\"inLanguage\":\"fr-FR\"},{\"@type\":\"ImageObject\",\"@id\":\"https:\/\/sminne-avocat.fr\/index.php\/droit-commercial\/#primaryimage\",\"inLanguage\":\"fr-FR\",\"url\":\"https:\/\/sminne-avocat.fr\/wp-content\/uploads\/2020\/02\/Droit-de-la-Distribution-e1581592960761.png\",\"contentUrl\":\"https:\/\/sminne-avocat.fr\/wp-content\/uploads\/2020\/02\/Droit-de-la-Distribution-e1581592960761.png\",\"width\":1500,\"height\":1000,\"caption\":\"Illustration Droit de la Distribution\"},{\"@type\":\"WebPage\",\"@id\":\"https:\/\/sminne-avocat.fr\/index.php\/droit-commercial\/#webpage\",\"url\":\"https:\/\/sminne-avocat.fr\/index.php\/droit-commercial\/\",\"name\":\"DROIT COMMERCIAL - Sandrine MINNE, AVOCAT SDC Lille M\u00e9tropole\",\"isPartOf\":{\"@id\":\"https:\/\/sminne-avocat.fr\/#website\"},\"primaryImageOfPage\":{\"@id\":\"https:\/\/sminne-avocat.fr\/index.php\/droit-commercial\/#primaryimage\"},\"datePublished\":\"2020-01-24T12:56:09+00:00\",\"dateModified\":\"2020-02-13T11:41:10+00:00\",\"description\":\"En Droit Commercial, je vous conseille et d\u00e9fends vos droits sur : Droit de la distribution - Loi Gayssot - Concurrence d\u00e9loyale - Contrat commercial\",\"breadcrumb\":{\"@id\":\"https:\/\/sminne-avocat.fr\/index.php\/droit-commercial\/#breadcrumb\"},\"inLanguage\":\"fr-FR\",\"potentialAction\":[{\"@type\":\"ReadAction\",\"target\":[\"https:\/\/sminne-avocat.fr\/index.php\/droit-commercial\/\"]}]},{\"@type\":\"BreadcrumbList\",\"@id\":\"https:\/\/sminne-avocat.fr\/index.php\/droit-commercial\/#breadcrumb\",\"itemListElement\":[{\"@type\":\"ListItem\",\"position\":1,\"name\":\"Accueil\",\"item\":\"https:\/\/sminne-avocat.fr\/\"},{\"@type\":\"ListItem\",\"position\":2,\"name\":\"DROIT COMMERCIAL\"}]}]}<\/script>\n<!-- \/ Yoast SEO plugin. -->","yoast_head_json":{"title":"DROIT COMMERCIAL - Sandrine MINNE, AVOCAT SDC Lille M\u00e9tropole","description":"En Droit Commercial, je vous conseille et d\u00e9fends vos droits sur : Droit de la distribution - Loi Gayssot - Concurrence d\u00e9loyale - Contrat commercial","robots":{"index":"index","follow":"follow","max-snippet":"max-snippet:-1","max-image-preview":"max-image-preview:large","max-video-preview":"max-video-preview:-1"},"canonical":"https:\/\/sminne-avocat.fr\/index.php\/droit-commercial\/","og_locale":"fr_FR","og_type":"article","og_title":"DROIT COMMERCIAL - Sandrine MINNE, AVOCAT SDC Lille M\u00e9tropole","og_description":"En Droit Commercial, je vous conseille et d\u00e9fends vos droits sur : Droit de la distribution - Loi Gayssot - Concurrence d\u00e9loyale - Contrat commercial","og_url":"https:\/\/sminne-avocat.fr\/index.php\/droit-commercial\/","og_site_name":"Sandrine MINNE, AVOCAT","article_modified_time":"2020-02-13T11:41:10+00:00","og_image":[{"url":"http:\/\/sminne-avocat.fr\/wp-content\/uploads\/2020\/02\/Droit-de-la-Distribution-e1581592960761.png"}],"twitter_card":"summary_large_image","twitter_misc":{"Dur\u00e9e de lecture estim\u00e9e":"2 minutes"},"schema":{"@context":"https:\/\/schema.org","@graph":[{"@type":"WebSite","@id":"https:\/\/sminne-avocat.fr\/#website","url":"https:\/\/sminne-avocat.fr\/","name":"Sandrine MINNE, AVOCAT","description":"","potentialAction":[{"@type":"SearchAction","target":{"@type":"EntryPoint","urlTemplate":"https:\/\/sminne-avocat.fr\/?s={search_term_string}"},"query-input":"required name=search_term_string"}],"inLanguage":"fr-FR"},{"@type":"ImageObject","@id":"https:\/\/sminne-avocat.fr\/index.php\/droit-commercial\/#primaryimage","inLanguage":"fr-FR","url":"https:\/\/sminne-avocat.fr\/wp-content\/uploads\/2020\/02\/Droit-de-la-Distribution-e1581592960761.png","contentUrl":"https:\/\/sminne-avocat.fr\/wp-content\/uploads\/2020\/02\/Droit-de-la-Distribution-e1581592960761.png","width":1500,"height":1000,"caption":"Illustration Droit de la Distribution"},{"@type":"WebPage","@id":"https:\/\/sminne-avocat.fr\/index.php\/droit-commercial\/#webpage","url":"https:\/\/sminne-avocat.fr\/index.php\/droit-commercial\/","name":"DROIT COMMERCIAL - Sandrine MINNE, AVOCAT SDC Lille M\u00e9tropole","isPartOf":{"@id":"https:\/\/sminne-avocat.fr\/#website"},"primaryImageOfPage":{"@id":"https:\/\/sminne-avocat.fr\/index.php\/droit-commercial\/#primaryimage"},"datePublished":"2020-01-24T12:56:09+00:00","dateModified":"2020-02-13T11:41:10+00:00","description":"En Droit Commercial, je vous conseille et d\u00e9fends vos droits sur : Droit de la distribution - Loi Gayssot - Concurrence d\u00e9loyale - Contrat commercial","breadcrumb":{"@id":"https:\/\/sminne-avocat.fr\/index.php\/droit-commercial\/#breadcrumb"},"inLanguage":"fr-FR","potentialAction":[{"@type":"ReadAction","target":["https:\/\/sminne-avocat.fr\/index.php\/droit-commercial\/"]}]},{"@type":"BreadcrumbList","@id":"https:\/\/sminne-avocat.fr\/index.php\/droit-commercial\/#breadcrumb","itemListElement":[{"@type":"ListItem","position":1,"name":"Accueil","item":"https:\/\/sminne-avocat.fr\/"},{"@type":"ListItem","position":2,"name":"DROIT COMMERCIAL"}]}]}},"_links":{"self":[{"href":"https:\/\/sminne-avocat.fr\/index.php\/wp-json\/wp\/v2\/pages\/9"}],"collection":[{"href":"https:\/\/sminne-avocat.fr\/index.php\/wp-json\/wp\/v2\/pages"}],"about":[{"href":"https:\/\/sminne-avocat.fr\/index.php\/wp-json\/wp\/v2\/types\/page"}],"author":[{"embeddable":true,"href":"https:\/\/sminne-avocat.fr\/index.php\/wp-json\/wp\/v2\/users\/1"}],"replies":[{"embeddable":true,"href":"https:\/\/sminne-avocat.fr\/index.php\/wp-json\/wp\/v2\/comments?post=9"}],"version-history":[{"count":22,"href":"https:\/\/sminne-avocat.fr\/index.php\/wp-json\/wp\/v2\/pages\/9\/revisions"}],"predecessor-version":[{"id":191,"href":"https:\/\/sminne-avocat.fr\/index.php\/wp-json\/wp\/v2\/pages\/9\/revisions\/191"}],"wp:attachment":[{"href":"https:\/\/sminne-avocat.fr\/index.php\/wp-json\/wp\/v2\/media?parent=9"}],"curies":[{"name":"wp","href":"https:\/\/api.w.org\/{rel}","templated":true}]}}