{"id":8,"date":"2020-01-24T13:56:09","date_gmt":"2020-01-24T12:56:09","guid":{"rendered":"http:\/\/sminne-avocat.fr\/?page_id=8"},"modified":"2022-05-02T18:57:37","modified_gmt":"2022-05-02T16:57:37","slug":"accueil-sandrine-minne-avocat","status":"publish","type":"page","link":"https:\/\/sminne-avocat.fr\/","title":{"rendered":"ACCUEIL"},"content":{"rendered":"\t\t<div data-elementor-type=\"wp-page\" data-elementor-id=\"8\" class=\"elementor elementor-8\">\n\t\t\t\t\t\t<div class=\"elementor-inner\">\n\t\t\t\t<div class=\"elementor-section-wrap\">\n\t\t\t\t\t\t\t\t\t<section class=\"elementor-section elementor-top-section elementor-element elementor-element-68579213 elementor-section-full_width elementor-section-stretched elementor-section-height-default elementor-section-height-default\" data-id=\"68579213\" data-element_type=\"section\" data-settings=\"{&quot;stretch_section&quot;:&quot;section-stretched&quot;}\">\n\t\t\t\t\t\t<div class=\"elementor-container elementor-column-gap-default\">\n\t\t\t\t\t\t\t<div class=\"elementor-row\">\n\t\t\t\t\t<div class=\"elementor-column elementor-col-100 elementor-top-column elementor-element elementor-element-59341d44\" data-id=\"59341d44\" data-element_type=\"column\">\n\t\t\t<div class=\"elementor-column-wrap elementor-element-populated\">\n\t\t\t\t\t\t\t<div class=\"elementor-widget-wrap\">\n\t\t\t\t\t\t<div class=\"elementor-element elementor-element-6d1de52d elementor-widget elementor-widget-image-carousel\" data-id=\"6d1de52d\" data-element_type=\"widget\" data-settings=\"{&quot;slides_to_show&quot;:&quot;1&quot;,&quot;navigation&quot;:&quot;none&quot;,&quot;effect&quot;:&quot;fade&quot;,&quot;autoplay_speed&quot;:3000,&quot;autoplay&quot;:&quot;yes&quot;,&quot;pause_on_hover&quot;:&quot;yes&quot;,&quot;pause_on_interaction&quot;:&quot;yes&quot;,&quot;infinite&quot;:&quot;yes&quot;,&quot;speed&quot;:500}\" data-widget_type=\"image-carousel.default\">\n\t\t\t\t<div class=\"elementor-widget-container\">\n\t\t\t\t\t<div class=\"elementor-image-carousel-wrapper swiper-container\" dir=\"ltr\">\n\t\t\t<div class=\"elementor-image-carousel swiper-wrapper swiper-image-stretch\">\n\t\t\t\t\t\t\t\t<div class=\"swiper-slide\"><figure class=\"swiper-slide-inner\"><img class=\"swiper-slide-image\" src=\"https:\/\/sminne-avocat.fr\/wp-content\/uploads\/2020\/01\/Bandeau-accueil-visuel-01-01.png\" alt=\"Bandeau accueil visuel 01-01\" \/><\/figure><\/div><div class=\"swiper-slide\"><figure class=\"swiper-slide-inner\"><img class=\"swiper-slide-image\" src=\"https:\/\/sminne-avocat.fr\/wp-content\/uploads\/2020\/01\/Bandeau-accueil-visuel-02-06.png\" alt=\"Bandeau accueil visuel 02-06\" \/><\/figure><\/div>\t\t\t<\/div>\n\t\t\t\t\t\t\t\t\t\t\t\t\t\t\t\t<\/div>\n\t\t\t\t<\/div>\n\t\t\t\t<\/div>\n\t\t\t\t\t\t<\/div>\n\t\t\t\t\t<\/div>\n\t\t<\/div>\n\t\t\t\t\t\t\t\t<\/div>\n\t\t\t\t\t<\/div>\n\t\t<\/section>\n\t\t\t\t<section class=\"elementor-section elementor-inner-section elementor-element elementor-element-4fb0a615 elementor-section-boxed elementor-section-height-default elementor-section-height-default\" data-id=\"4fb0a615\" data-element_type=\"section\" data-settings=\"{&quot;background_background&quot;:&quot;classic&quot;}\">\n\t\t\t\t\t\t<div class=\"elementor-container elementor-column-gap-default\">\n\t\t\t\t\t\t\t<div class=\"elementor-row\">\n\t\t\t\t\t<div class=\"elementor-column elementor-col-50 elementor-inner-column elementor-element elementor-element-280ec75d\" data-id=\"280ec75d\" data-element_type=\"column\">\n\t\t\t<div class=\"elementor-column-wrap elementor-element-populated\">\n\t\t\t\t\t\t\t<div class=\"elementor-widget-wrap\">\n\t\t\t\t\t\t<div class=\"elementor-element elementor-element-61a21688 elementor-position-top elementor-vertical-align-top elementor-widget elementor-widget-image-box\" data-id=\"61a21688\" data-element_type=\"widget\" data-widget_type=\"image-box.default\">\n\t\t\t\t<div class=\"elementor-widget-container\">\n\t\t\t<div class=\"elementor-image-box-wrapper\"><figure class=\"elementor-image-box-img\"><img width=\"156\" height=\"156\" src=\"https:\/\/sminne-avocat.fr\/wp-content\/uploads\/2020\/01\/photos-polaroid-03.png\" class=\"elementor-animation-pulse-grow attachment-full size-full\" alt=\"\" loading=\"lazy\" \/><\/figure><div class=\"elementor-image-box-content\"><h3 class=\"elementor-image-box-title\">Sandrine MINNE \/\/ Avocate<\/h3><p class=\"elementor-image-box-description\">Je suis sp\u00e9cialis\u00e9e sur tous les sujets concernant vos affaires commerciales<\/p><\/div><\/div>\t\t<\/div>\n\t\t\t\t<\/div>\n\t\t\t\t<div class=\"elementor-element elementor-element-57edff53 elementor-align-center elementor-widget elementor-widget-button\" data-id=\"57edff53\" data-element_type=\"widget\" data-widget_type=\"button.default\">\n\t\t\t\t<div class=\"elementor-widget-container\">\n\t\t\t\t\t<div class=\"elementor-button-wrapper\">\n\t\t\t<a href=\"mailto:sandrine.minne@sminne-avocat.fr\" class=\"elementor-button-link elementor-button elementor-size-md\" role=\"button\">\n\t\t\t\t\t\t<span class=\"elementor-button-content-wrapper\">\n\t\t\t\t\t\t\t<span class=\"elementor-button-icon elementor-align-icon-right\">\n\t\t\t\t<i aria-hidden=\"true\" class=\"far fa-paper-plane\"><\/i>\t\t\t<\/span>\n\t\t\t\t\t\t<span class=\"elementor-button-text\">Contactez-moi<\/span>\n\t\t<\/span>\n\t\t\t\t\t<\/a>\n\t\t<\/div>\n\t\t\t\t<\/div>\n\t\t\t\t<\/div>\n\t\t\t\t\t\t<\/div>\n\t\t\t\t\t<\/div>\n\t\t<\/div>\n\t\t\t\t<div class=\"elementor-column elementor-col-50 elementor-inner-column elementor-element elementor-element-173b7aa0\" data-id=\"173b7aa0\" data-element_type=\"column\" data-settings=\"{&quot;background_background&quot;:&quot;classic&quot;}\">\n\t\t\t<div class=\"elementor-column-wrap elementor-element-populated\">\n\t\t\t\t\t\t\t<div class=\"elementor-widget-wrap\">\n\t\t\t\t\t\t<div class=\"elementor-element elementor-element-710061cb elementor-widget elementor-widget-toggle\" data-id=\"710061cb\" data-element_type=\"widget\" data-settings=\"{&quot;_animation&quot;:&quot;none&quot;}\" data-widget_type=\"toggle.default\">\n\t\t\t\t<div class=\"elementor-widget-container\">\n\t\t\t\t\t<div class=\"elementor-toggle\" role=\"tablist\">\n\t\t\t\t\t\t\t<div class=\"elementor-toggle-item\">\n\t\t\t\t\t<div id=\"elementor-tab-title-1891\" class=\"elementor-tab-title\" data-tab=\"1\" role=\"tab\" aria-controls=\"elementor-tab-content-1891\" aria-expanded=\"false\">\n\t\t\t\t\t\t\t\t\t\t\t\t<span class=\"elementor-toggle-icon elementor-toggle-icon-left\" aria-hidden=\"true\">\n\t\t\t\t\t\t\t\t\t\t\t\t\t\t\t<span class=\"elementor-toggle-icon-closed\"><i class=\"fas fa-caret-right\"><\/i><\/span>\n\t\t\t\t\t\t\t\t<span class=\"elementor-toggle-icon-opened\"><i class=\"elementor-toggle-icon-opened fas fa-caret-up\"><\/i><\/span>\n\t\t\t\t\t\t\t\t\t\t\t\t\t<\/span>\n\t\t\t\t\t\t\t\t\t\t\t\t<a href=\"\" class=\"elementor-toggle-title\">Vous conseiller et vous accompagner<\/a>\n\t\t\t\t\t<\/div>\n\n\t\t\t\t\t<div id=\"elementor-tab-content-1891\" class=\"elementor-tab-content elementor-clearfix\" data-tab=\"1\" role=\"tabpanel\" aria-labelledby=\"elementor-tab-title-1891\"><p><img loading=\"lazy\" class=\" wp-image-392 alignleft\" src=\"http:\/\/mine.liday.fr\/wp-content\/uploads\/2019\/11\/PICTOS-09.png\" alt=\"\" width=\"97\" height=\"111\" \/><\/p><p>Notre r\u00f4le de conseil est primordial : il vous permet justement d&rsquo;\u00e9viter les litiges et les contentieux et vous fait gagner un temps pr\u00e9cieux. Centr\u00e9 sur les nouvelles technologies et ce qu&rsquo;elles incluent en termes d&rsquo;obligations l\u00e9gales, notre cabinet vous accompagne de fa\u00e7on op\u00e9rationnelle en favorisant les \u00e9changes et la proximit\u00e9, en mettant \u00e0 votre disposition toute sa comp\u00e9tence.<\/p><\/div>\n\t\t\t\t<\/div>\n\t\t\t\t\t\t\t<div class=\"elementor-toggle-item\">\n\t\t\t\t\t<div id=\"elementor-tab-title-1892\" class=\"elementor-tab-title\" data-tab=\"2\" role=\"tab\" aria-controls=\"elementor-tab-content-1892\" aria-expanded=\"false\">\n\t\t\t\t\t\t\t\t\t\t\t\t<span class=\"elementor-toggle-icon elementor-toggle-icon-left\" aria-hidden=\"true\">\n\t\t\t\t\t\t\t\t\t\t\t\t\t\t\t<span class=\"elementor-toggle-icon-closed\"><i class=\"fas fa-caret-right\"><\/i><\/span>\n\t\t\t\t\t\t\t\t<span class=\"elementor-toggle-icon-opened\"><i class=\"elementor-toggle-icon-opened fas fa-caret-up\"><\/i><\/span>\n\t\t\t\t\t\t\t\t\t\t\t\t\t<\/span>\n\t\t\t\t\t\t\t\t\t\t\t\t<a href=\"\" class=\"elementor-toggle-title\">D\u00e9fendre vos droits<\/a>\n\t\t\t\t\t<\/div>\n\n\t\t\t\t\t<div id=\"elementor-tab-content-1892\" class=\"elementor-tab-content elementor-clearfix\" data-tab=\"2\" role=\"tabpanel\" aria-labelledby=\"elementor-tab-title-1892\"><p><img loading=\"lazy\" class=\" wp-image-395 alignleft\" src=\"http:\/\/mine.liday.fr\/wp-content\/uploads\/2019\/11\/PICTOS-08.png\" alt=\"\" width=\"97\" height=\"111\" \/><\/p><p>C&rsquo;est le r\u00f4le premier d&rsquo;un avocat : instruire le dossier et plaider votre cause devant les tribunaux comp\u00e9tents si besoin. Le cabinet Sandrine MINNE AVOCATS met tout en oeuvre pour que vos droits soient respect\u00e9s et que vous sortiez gagnant de toute affaire.<\/p><\/div>\n\t\t\t\t<\/div>\n\t\t\t\t\t\t\t<div class=\"elementor-toggle-item\">\n\t\t\t\t\t<div id=\"elementor-tab-title-1893\" class=\"elementor-tab-title\" data-tab=\"3\" role=\"tab\" aria-controls=\"elementor-tab-content-1893\" aria-expanded=\"false\">\n\t\t\t\t\t\t\t\t\t\t\t\t<span class=\"elementor-toggle-icon elementor-toggle-icon-left\" aria-hidden=\"true\">\n\t\t\t\t\t\t\t\t\t\t\t\t\t\t\t<span class=\"elementor-toggle-icon-closed\"><i class=\"fas fa-caret-right\"><\/i><\/span>\n\t\t\t\t\t\t\t\t<span class=\"elementor-toggle-icon-opened\"><i class=\"elementor-toggle-icon-opened fas fa-caret-up\"><\/i><\/span>\n\t\t\t\t\t\t\t\t\t\t\t\t\t<\/span>\n\t\t\t\t\t\t\t\t\t\t\t\t<a href=\"\" class=\"elementor-toggle-title\">Arbitrer vos litiges<\/a>\n\t\t\t\t\t<\/div>\n\n\t\t\t\t\t<div id=\"elementor-tab-content-1893\" class=\"elementor-tab-content elementor-clearfix\" data-tab=\"3\" role=\"tabpanel\" aria-labelledby=\"elementor-tab-title-1893\"><p><img loading=\"lazy\" class=\" wp-image-397 alignleft\" src=\"http:\/\/mine.liday.fr\/wp-content\/uploads\/2019\/11\/PICTOS-07.png\" alt=\"\" width=\"97\" height=\"111\" \/><\/p><p>Tout n&rsquo;est pas toujours blanc ou noir&#8230; Vous pouvez faire appel au cabinet Sandrine MINNE AVOCATS pour vous aider \u00e0 trouver un terrain d&rsquo;entente sur une affaire litigieuse. Nos comp\u00e9tences juridiques sont alors mobilis\u00e9es et utiles \u00e0 favoriser un d\u00e9nouement amiable qui pr\u00e9serve vos int\u00e9r\u00eats.<\/p><\/div>\n\t\t\t\t<\/div>\n\t\t\t\t\t\t\t\t<\/div>\n\t\t\t\t<\/div>\n\t\t\t\t<\/div>\n\t\t\t\t\t\t<\/div>\n\t\t\t\t\t<\/div>\n\t\t<\/div>\n\t\t\t\t\t\t\t\t<\/div>\n\t\t\t\t\t<\/div>\n\t\t<\/section>\n\t\t\t\t<section class=\"elementor-section elementor-top-section elementor-element elementor-element-e80995e elementor-section-boxed elementor-section-height-default elementor-section-height-default\" data-id=\"e80995e\" data-element_type=\"section\">\n\t\t\t\t\t\t<div class=\"elementor-container elementor-column-gap-default\">\n\t\t\t\t\t\t\t<div class=\"elementor-row\">\n\t\t\t\t\t<div class=\"elementor-column elementor-col-100 elementor-top-column elementor-element elementor-element-786b809\" data-id=\"786b809\" data-element_type=\"column\">\n\t\t\t<div class=\"elementor-column-wrap elementor-element-populated\">\n\t\t\t\t\t\t\t<div class=\"elementor-widget-wrap\">\n\t\t\t\t\t\t<div class=\"elementor-element elementor-element-53dd7e2 elementor-widget elementor-widget-spacer\" data-id=\"53dd7e2\" data-element_type=\"widget\" data-widget_type=\"spacer.default\">\n\t\t\t\t<div class=\"elementor-widget-container\">\n\t\t\t\t\t<div class=\"elementor-spacer\">\n\t\t\t<div class=\"elementor-spacer-inner\"><\/div>\n\t\t<\/div>\n\t\t\t\t<\/div>\n\t\t\t\t<\/div>\n\t\t\t\t\t\t<\/div>\n\t\t\t\t\t<\/div>\n\t\t<\/div>\n\t\t\t\t\t\t\t\t<\/div>\n\t\t\t\t\t<\/div>\n\t\t<\/section>\n\t\t\t\t<section class=\"elementor-section elementor-inner-section elementor-element elementor-element-325bb71c elementor-section-boxed elementor-section-height-default elementor-section-height-default\" data-id=\"325bb71c\" data-element_type=\"section\">\n\t\t\t\t\t\t<div class=\"elementor-container elementor-column-gap-default\">\n\t\t\t\t\t\t\t<div class=\"elementor-row\">\n\t\t\t\t\t<div class=\"elementor-column elementor-col-50 elementor-inner-column elementor-element elementor-element-eca1953\" data-id=\"eca1953\" data-element_type=\"column\" data-settings=\"{&quot;background_background&quot;:&quot;classic&quot;}\">\n\t\t\t<div class=\"elementor-column-wrap elementor-element-populated\">\n\t\t\t\t\t\t\t<div class=\"elementor-widget-wrap\">\n\t\t\t\t\t\t<div class=\"elementor-element elementor-element-6a88b5b2 elementor-widget elementor-widget-heading\" data-id=\"6a88b5b2\" data-element_type=\"widget\" data-widget_type=\"heading.default\">\n\t\t\t\t<div class=\"elementor-widget-container\">\n\t\t\t<h2 class=\"elementor-heading-title elementor-size-default\">L'approche juridique globale gr\u00e2ce \u00e0 l'alliance qui \u00e9largit les possibilit\u00e9s d'accompagnement pour nos clients<\/h2>\t\t<\/div>\n\t\t\t\t<\/div>\n\t\t\t\t<div class=\"elementor-element elementor-element-6920d576 elementor-widget elementor-widget-image\" data-id=\"6920d576\" data-element_type=\"widget\" data-widget_type=\"image.default\">\n\t\t\t\t<div class=\"elementor-widget-container\">\n\t\t\t\t\t\t\t\t<div class=\"elementor-image\">\n\t\t\t\t\t\t\t\t\t\t\t\t<img width=\"1024\" height=\"523\" src=\"https:\/\/sminne-avocat.fr\/wp-content\/uploads\/2020\/06\/SDC-Logo-Converti-01-1024x523.png\" class=\"attachment-large size-large\" alt=\"\" loading=\"lazy\" srcset=\"https:\/\/sminne-avocat.fr\/wp-content\/uploads\/2020\/06\/SDC-Logo-Converti-01-1024x523.png 1024w, https:\/\/sminne-avocat.fr\/wp-content\/uploads\/2020\/06\/SDC-Logo-Converti-01-300x153.png 300w, https:\/\/sminne-avocat.fr\/wp-content\/uploads\/2020\/06\/SDC-Logo-Converti-01-768x392.png 768w, https:\/\/sminne-avocat.fr\/wp-content\/uploads\/2020\/06\/SDC-Logo-Converti-01-1536x785.png 1536w, https:\/\/sminne-avocat.fr\/wp-content\/uploads\/2020\/06\/SDC-Logo-Converti-01-2048x1047.png 2048w\" sizes=\"(max-width: 1024px) 100vw, 1024px\" \/>\t\t\t\t\t\t\t\t\t\t\t\t\t\t<\/div>\n\t\t\t\t\t\t<\/div>\n\t\t\t\t<\/div>\n\t\t\t\t<div class=\"elementor-element elementor-element-210b1394 elementor-align-center elementor-widget elementor-widget-button\" data-id=\"210b1394\" data-element_type=\"widget\" data-widget_type=\"button.default\">\n\t\t\t\t<div class=\"elementor-widget-container\">\n\t\t\t\t\t<div class=\"elementor-button-wrapper\">\n\t\t\t<a href=\"http:\/\/mine.liday.fr\/index.php\/communaute-sdc\/\" target=\"_blank\" class=\"elementor-button-link elementor-button elementor-size-sm\" role=\"button\">\n\t\t\t\t\t\t<span class=\"elementor-button-content-wrapper\">\n\t\t\t\t\t\t<span class=\"elementor-button-text\">Plus d'infos sur l'approche juridique globale S.D.C.<\/span>\n\t\t<\/span>\n\t\t\t\t\t<\/a>\n\t\t<\/div>\n\t\t\t\t<\/div>\n\t\t\t\t<\/div>\n\t\t\t\t\t\t<\/div>\n\t\t\t\t\t<\/div>\n\t\t<\/div>\n\t\t\t\t<div class=\"elementor-column elementor-col-50 elementor-inner-column elementor-element elementor-element-29af6efc\" data-id=\"29af6efc\" data-element_type=\"column\">\n\t\t\t<div class=\"elementor-column-wrap elementor-element-populated\">\n\t\t\t\t\t\t\t<div class=\"elementor-widget-wrap\">\n\t\t\t\t\t\t<div class=\"elementor-element elementor-element-4e825d0 elementor-widget elementor-widget-heading\" data-id=\"4e825d0\" data-element_type=\"widget\" data-widget_type=\"heading.default\">\n\t\t\t\t<div class=\"elementor-widget-container\">\n\t\t\t<h2 class=\"elementor-heading-title elementor-size-default\">Pour des valeurs \u00e9thiques partag\u00e9es<\/h2>\t\t<\/div>\n\t\t\t\t<\/div>\n\t\t\t\t<div class=\"elementor-element elementor-element-e89c399 elementor-widget-divider--view-line elementor-widget elementor-widget-divider\" data-id=\"e89c399\" data-element_type=\"widget\" data-widget_type=\"divider.default\">\n\t\t\t\t<div class=\"elementor-widget-container\">\n\t\t\t\t\t<div class=\"elementor-divider\">\n\t\t\t<span class=\"elementor-divider-separator\">\n\t\t\t\t\t\t<\/span>\n\t\t<\/div>\n\t\t\t\t<\/div>\n\t\t\t\t<\/div>\n\t\t\t\t<div class=\"elementor-element elementor-element-7079d6b elementor-widget elementor-widget-text-editor\" data-id=\"7079d6b\" data-element_type=\"widget\" data-widget_type=\"text-editor.default\">\n\t\t\t\t<div class=\"elementor-widget-container\">\n\t\t\t\t\t\t\t\t<div class=\"elementor-text-editor elementor-clearfix\">\n\t\t\t\t<p>Le cabinet prend soin d\u2019\u00eatre <strong>accessible<\/strong> \u00e0 ses clients. Les solutions imagin\u00e9es et d\u00e9ploy\u00e9es lors de la r\u00e9solution des conflits sont <strong>pragmatiques<\/strong>.<\/p><p>Autant qu\u2019il est possible, l\u2019issue amiable aux conflits est privil\u00e9gi\u00e9e.<\/p><p>Pour chaque dossier confi\u00e9, le cabinet d\u00e9livre une prestation personnalis\u00e9e. A ce titre, les <strong>\u00e9changes r\u00e9guliers<\/strong> avec les clients sont favoris\u00e9s.<\/p>\t\t\t\t\t<\/div>\n\t\t\t\t\t\t<\/div>\n\t\t\t\t<\/div>\n\t\t\t\t<div class=\"elementor-element elementor-element-5c37ee22 elementor-widget elementor-widget-heading\" data-id=\"5c37ee22\" data-element_type=\"widget\" data-widget_type=\"heading.default\">\n\t\t\t\t<div class=\"elementor-widget-container\">\n\t\t\t<h2 class=\"elementor-heading-title elementor-size-default\">Et une \u00e9quipe de professionnels du droit \u00e0 votre service<\/h2>\t\t<\/div>\n\t\t\t\t<\/div>\n\t\t\t\t<div class=\"elementor-element elementor-element-41358d97 elementor-widget-divider--view-line elementor-widget elementor-widget-divider\" data-id=\"41358d97\" data-element_type=\"widget\" data-widget_type=\"divider.default\">\n\t\t\t\t<div class=\"elementor-widget-container\">\n\t\t\t\t\t<div class=\"elementor-divider\">\n\t\t\t<span class=\"elementor-divider-separator\">\n\t\t\t\t\t\t<\/span>\n\t\t<\/div>\n\t\t\t\t<\/div>\n\t\t\t\t<\/div>\n\t\t\t\t<div class=\"elementor-element elementor-element-59a7be22 elementor-widget elementor-widget-image\" data-id=\"59a7be22\" data-element_type=\"widget\" data-widget_type=\"image.default\">\n\t\t\t\t<div class=\"elementor-widget-container\">\n\t\t\t\t\t\t\t\t<div class=\"elementor-image\">\n\t\t\t\t\t\t\t\t\t\t\t\t<img width=\"1024\" height=\"615\" src=\"https:\/\/sminne-avocat.fr\/wp-content\/uploads\/2020\/02\/photos-polaroid-equipe-02-01-1024x615.png\" class=\"attachment-large size-large\" alt=\"\" loading=\"lazy\" srcset=\"https:\/\/sminne-avocat.fr\/wp-content\/uploads\/2020\/02\/photos-polaroid-equipe-02-01-1024x615.png 1024w, https:\/\/sminne-avocat.fr\/wp-content\/uploads\/2020\/02\/photos-polaroid-equipe-02-01-300x180.png 300w, https:\/\/sminne-avocat.fr\/wp-content\/uploads\/2020\/02\/photos-polaroid-equipe-02-01-768x461.png 768w, https:\/\/sminne-avocat.fr\/wp-content\/uploads\/2020\/02\/photos-polaroid-equipe-02-01.png 1443w\" sizes=\"(max-width: 1024px) 100vw, 1024px\" \/>\t\t\t\t\t\t\t\t\t\t\t\t\t\t<\/div>\n\t\t\t\t\t\t<\/div>\n\t\t\t\t<\/div>\n\t\t\t\t\t\t<\/div>\n\t\t\t\t\t<\/div>\n\t\t<\/div>\n\t\t\t\t\t\t\t\t<\/div>\n\t\t\t\t\t<\/div>\n\t\t<\/section>\n\t\t\t\t\t\t\t\t\t<\/div>\n\t\t\t<\/div>\n\t\t\t\t\t<\/div>\n\t\t","protected":false},"excerpt":{"rendered":"<p>Sandrine MINNE \/\/ Avocate Je suis sp\u00e9cialis\u00e9e sur tous les sujets concernant vos affaires commerciales Contactez-moi Vous conseiller et vous accompagner Notre r\u00f4le de conseil est primordial : il vous permet justement d&rsquo;\u00e9viter les litiges et les contentieux et vous fait gagner un temps pr\u00e9cieux. Centr\u00e9 sur les nouvelles technologies et ce qu&rsquo;elles incluent en [&hellip;]<\/p>\n","protected":false},"author":1,"featured_media":0,"parent":0,"menu_order":0,"comment_status":"closed","ping_status":"closed","template":"","meta":[],"yoast_head":"<!-- This site is optimized with the Yoast SEO plugin v18.6 - https:\/\/yoast.com\/wordpress\/plugins\/seo\/ -->\n<title>ACCUEIL - Sandrine MINNE, AVOCAT - sp\u00e9cialis\u00e9 Droit des Affaires<\/title>\n<meta name=\"description\" content=\"D\u00e9fendre les droits des entreprises et les conseiller par un accompagnement concret sur la Propri\u00e9t\u00e9 Intellectuelle, la loi RGPD, le Droit Commercial...\" \/>\n<meta name=\"robots\" content=\"index, follow, max-snippet:-1, max-image-preview:large, max-video-preview:-1\" \/>\n<link rel=\"canonical\" href=\"https:\/\/sminne-avocat.fr\/\" \/>\n<meta property=\"og:locale\" content=\"fr_FR\" \/>\n<meta property=\"og:type\" content=\"article\" \/>\n<meta property=\"og:title\" content=\"ACCUEIL - Sandrine MINNE, AVOCAT - sp\u00e9cialis\u00e9 Droit des Affaires\" \/>\n<meta property=\"og:description\" content=\"D\u00e9fendre les droits des entreprises et les conseiller par un accompagnement concret sur la Propri\u00e9t\u00e9 Intellectuelle, la loi RGPD, le Droit Commercial...\" \/>\n<meta property=\"og:url\" content=\"https:\/\/sminne-avocat.fr\/\" \/>\n<meta property=\"og:site_name\" content=\"Sandrine MINNE, AVOCAT\" \/>\n<meta property=\"article:modified_time\" content=\"2022-05-02T16:57:37+00:00\" \/>\n<meta property=\"og:image\" content=\"http:\/\/sminne-avocat.fr\/wp-content\/uploads\/2020\/01\/Bandeau-accueil-visuel-01-01.png\" \/>\n<meta name=\"twitter:card\" content=\"summary_large_image\" \/>\n<meta name=\"twitter:label1\" content=\"Dur\u00e9e de lecture estim\u00e9e\" \/>\n\t<meta name=\"twitter:data1\" content=\"2 minutes\" \/>\n<script type=\"application\/ld+json\" class=\"yoast-schema-graph\">{\"@context\":\"https:\/\/schema.org\",\"@graph\":[{\"@type\":\"WebSite\",\"@id\":\"https:\/\/sminne-avocat.fr\/#website\",\"url\":\"https:\/\/sminne-avocat.fr\/\",\"name\":\"Sandrine MINNE, AVOCAT\",\"description\":\"\",\"potentialAction\":[{\"@type\":\"SearchAction\",\"target\":{\"@type\":\"EntryPoint\",\"urlTemplate\":\"https:\/\/sminne-avocat.fr\/?s={search_term_string}\"},\"query-input\":\"required name=search_term_string\"}],\"inLanguage\":\"fr-FR\"},{\"@type\":\"ImageObject\",\"@id\":\"https:\/\/sminne-avocat.fr\/#primaryimage\",\"inLanguage\":\"fr-FR\",\"url\":\"https:\/\/sminne-avocat.fr\/wp-content\/uploads\/2020\/01\/Bandeau-accueil-visuel-01-01.png\",\"contentUrl\":\"https:\/\/sminne-avocat.fr\/wp-content\/uploads\/2020\/01\/Bandeau-accueil-visuel-01-01.png\",\"width\":1500,\"height\":500},{\"@type\":\"WebPage\",\"@id\":\"https:\/\/sminne-avocat.fr\/#webpage\",\"url\":\"https:\/\/sminne-avocat.fr\/\",\"name\":\"ACCUEIL - Sandrine MINNE, AVOCAT - sp\u00e9cialis\u00e9 Droit des Affaires\",\"isPartOf\":{\"@id\":\"https:\/\/sminne-avocat.fr\/#website\"},\"primaryImageOfPage\":{\"@id\":\"https:\/\/sminne-avocat.fr\/#primaryimage\"},\"datePublished\":\"2020-01-24T12:56:09+00:00\",\"dateModified\":\"2022-05-02T16:57:37+00:00\",\"description\":\"D\u00e9fendre les droits des entreprises et les conseiller par un accompagnement concret sur la Propri\u00e9t\u00e9 Intellectuelle, la loi RGPD, le Droit Commercial...\",\"breadcrumb\":{\"@id\":\"https:\/\/sminne-avocat.fr\/#breadcrumb\"},\"inLanguage\":\"fr-FR\",\"potentialAction\":[{\"@type\":\"ReadAction\",\"target\":[\"https:\/\/sminne-avocat.fr\/\"]}]},{\"@type\":\"BreadcrumbList\",\"@id\":\"https:\/\/sminne-avocat.fr\/#breadcrumb\",\"itemListElement\":[{\"@type\":\"ListItem\",\"position\":1,\"name\":\"Accueil\",\"item\":\"https:\/\/sminne-avocat.fr\/\"},{\"@type\":\"ListItem\",\"position\":2,\"name\":\"ACCUEIL\"}]}]}<\/script>\n<!-- \/ Yoast SEO plugin. -->","yoast_head_json":{"title":"ACCUEIL - Sandrine MINNE, AVOCAT - sp\u00e9cialis\u00e9 Droit des Affaires","description":"D\u00e9fendre les droits des entreprises et les conseiller par un accompagnement concret sur la Propri\u00e9t\u00e9 Intellectuelle, la loi RGPD, le Droit Commercial...","robots":{"index":"index","follow":"follow","max-snippet":"max-snippet:-1","max-image-preview":"max-image-preview:large","max-video-preview":"max-video-preview:-1"},"canonical":"https:\/\/sminne-avocat.fr\/","og_locale":"fr_FR","og_type":"article","og_title":"ACCUEIL - Sandrine MINNE, AVOCAT - sp\u00e9cialis\u00e9 Droit des Affaires","og_description":"D\u00e9fendre les droits des entreprises et les conseiller par un accompagnement concret sur la Propri\u00e9t\u00e9 Intellectuelle, la loi RGPD, le Droit Commercial...","og_url":"https:\/\/sminne-avocat.fr\/","og_site_name":"Sandrine MINNE, AVOCAT","article_modified_time":"2022-05-02T16:57:37+00:00","og_image":[{"url":"http:\/\/sminne-avocat.fr\/wp-content\/uploads\/2020\/01\/Bandeau-accueil-visuel-01-01.png"}],"twitter_card":"summary_large_image","twitter_misc":{"Dur\u00e9e de lecture estim\u00e9e":"2 minutes"},"schema":{"@context":"https:\/\/schema.org","@graph":[{"@type":"WebSite","@id":"https:\/\/sminne-avocat.fr\/#website","url":"https:\/\/sminne-avocat.fr\/","name":"Sandrine MINNE, AVOCAT","description":"","potentialAction":[{"@type":"SearchAction","target":{"@type":"EntryPoint","urlTemplate":"https:\/\/sminne-avocat.fr\/?s={search_term_string}"},"query-input":"required name=search_term_string"}],"inLanguage":"fr-FR"},{"@type":"ImageObject","@id":"https:\/\/sminne-avocat.fr\/#primaryimage","inLanguage":"fr-FR","url":"https:\/\/sminne-avocat.fr\/wp-content\/uploads\/2020\/01\/Bandeau-accueil-visuel-01-01.png","contentUrl":"https:\/\/sminne-avocat.fr\/wp-content\/uploads\/2020\/01\/Bandeau-accueil-visuel-01-01.png","width":1500,"height":500},{"@type":"WebPage","@id":"https:\/\/sminne-avocat.fr\/#webpage","url":"https:\/\/sminne-avocat.fr\/","name":"ACCUEIL - Sandrine MINNE, AVOCAT - sp\u00e9cialis\u00e9 Droit des Affaires","isPartOf":{"@id":"https:\/\/sminne-avocat.fr\/#website"},"primaryImageOfPage":{"@id":"https:\/\/sminne-avocat.fr\/#primaryimage"},"datePublished":"2020-01-24T12:56:09+00:00","dateModified":"2022-05-02T16:57:37+00:00","description":"D\u00e9fendre les droits des entreprises et les conseiller par un accompagnement concret sur la Propri\u00e9t\u00e9 Intellectuelle, la loi RGPD, le Droit Commercial...","breadcrumb":{"@id":"https:\/\/sminne-avocat.fr\/#breadcrumb"},"inLanguage":"fr-FR","potentialAction":[{"@type":"ReadAction","target":["https:\/\/sminne-avocat.fr\/"]}]},{"@type":"BreadcrumbList","@id":"https:\/\/sminne-avocat.fr\/#breadcrumb","itemListElement":[{"@type":"ListItem","position":1,"name":"Accueil","item":"https:\/\/sminne-avocat.fr\/"},{"@type":"ListItem","position":2,"name":"ACCUEIL"}]}]}},"_links":{"self":[{"href":"https:\/\/sminne-avocat.fr\/index.php\/wp-json\/wp\/v2\/pages\/8"}],"collection":[{"href":"https:\/\/sminne-avocat.fr\/index.php\/wp-json\/wp\/v2\/pages"}],"about":[{"href":"https:\/\/sminne-avocat.fr\/index.php\/wp-json\/wp\/v2\/types\/page"}],"author":[{"embeddable":true,"href":"https:\/\/sminne-avocat.fr\/index.php\/wp-json\/wp\/v2\/users\/1"}],"replies":[{"embeddable":true,"href":"https:\/\/sminne-avocat.fr\/index.php\/wp-json\/wp\/v2\/comments?post=8"}],"version-history":[{"count":43,"href":"https:\/\/sminne-avocat.fr\/index.php\/wp-json\/wp\/v2\/pages\/8\/revisions"}],"predecessor-version":[{"id":406,"href":"https:\/\/sminne-avocat.fr\/index.php\/wp-json\/wp\/v2\/pages\/8\/revisions\/406"}],"wp:attachment":[{"href":"https:\/\/sminne-avocat.fr\/index.php\/wp-json\/wp\/v2\/media?parent=8"}],"curies":[{"name":"wp","href":"https:\/\/api.w.org\/{rel}","templated":true}]}}