{"id":14,"date":"2020-01-24T13:56:10","date_gmt":"2020-01-24T12:56:10","guid":{"rendered":"http:\/\/sminne-avocat.fr\/?page_id=14"},"modified":"2020-06-04T17:05:02","modified_gmt":"2020-06-04T15:05:02","slug":"contact","status":"publish","type":"page","link":"https:\/\/sminne-avocat.fr\/index.php\/contact\/","title":{"rendered":"CONTACT"},"content":{"rendered":"\t\t<div data-elementor-type=\"wp-page\" data-elementor-id=\"14\" class=\"elementor elementor-14\">\n\t\t\t\t\t\t<div class=\"elementor-inner\">\n\t\t\t\t<div class=\"elementor-section-wrap\">\n\t\t\t\t\t\t\t\t\t<section class=\"elementor-section elementor-top-section elementor-element elementor-element-18872898 elementor-section-content-middle elementor-reverse-mobile elementor-section-boxed elementor-section-height-default elementor-section-height-default\" data-id=\"18872898\" data-element_type=\"section\">\n\t\t\t\t\t\t<div class=\"elementor-container elementor-column-gap-no\">\n\t\t\t\t\t\t\t<div class=\"elementor-row\">\n\t\t\t\t\t<div class=\"elementor-column elementor-col-50 elementor-top-column elementor-element elementor-element-2add489e\" data-id=\"2add489e\" data-element_type=\"column\">\n\t\t\t<div class=\"elementor-column-wrap elementor-element-populated\">\n\t\t\t\t\t\t\t<div class=\"elementor-widget-wrap\">\n\t\t\t\t\t\t<div class=\"elementor-element elementor-element-da337f8 elementor-widget elementor-widget-text-editor\" data-id=\"da337f8\" data-element_type=\"widget\" data-widget_type=\"text-editor.default\">\n\t\t\t\t<div class=\"elementor-widget-container\">\n\t\t\t\t\t\t\t\t<div class=\"elementor-text-editor elementor-clearfix\">\n\t\t\t\t<p><img loading=\"lazy\" class=\"wp-image-385 alignright\" src=\"http:\/\/sminne-avocat.fr\/wp-content\/uploads\/2020\/06\/IMG_8166-225x300.jpg\" alt=\"Le Parc du Haut Touquet \u00e0 Marquette-lez-lille\" width=\"178\" height=\"237\" srcset=\"https:\/\/sminne-avocat.fr\/wp-content\/uploads\/2020\/06\/IMG_8166-225x300.jpg 225w, https:\/\/sminne-avocat.fr\/wp-content\/uploads\/2020\/06\/IMG_8166-768x1024.jpg 768w, https:\/\/sminne-avocat.fr\/wp-content\/uploads\/2020\/06\/IMG_8166-1152x1536.jpg 1152w, https:\/\/sminne-avocat.fr\/wp-content\/uploads\/2020\/06\/IMG_8166-1536x2048.jpg 1536w, https:\/\/sminne-avocat.fr\/wp-content\/uploads\/2020\/06\/IMG_8166-scaled.jpg 1920w\" sizes=\"(max-width: 178px) 100vw, 178px\" \/>Nos bureaux sont situ\u00e9s sur le Parc du Haut Touquet, au coeur de la m\u00e9tropole lilloise. Faciles d&rsquo;acc\u00e8s, avec du parking gratuit, et dans un cadre verdoyant, toutes les conditions sont r\u00e9unies pour vous accueillir agr\u00e9ablement.<\/p>\t\t\t\t\t<\/div>\n\t\t\t\t\t\t<\/div>\n\t\t\t\t<\/div>\n\t\t\t\t<div class=\"elementor-element elementor-element-f75794e elementor-widget elementor-widget-image\" data-id=\"f75794e\" data-element_type=\"widget\" data-widget_type=\"image.default\">\n\t\t\t\t<div class=\"elementor-widget-container\">\n\t\t\t\t\t\t\t\t<div class=\"elementor-image\">\n\t\t\t\t\t\t\t\t\t\t\t\t<img width=\"768\" height=\"1024\" src=\"https:\/\/sminne-avocat.fr\/wp-content\/uploads\/2020\/06\/IMG_8172-768x1024.jpg\" class=\"attachment-large size-large\" alt=\"\" loading=\"lazy\" srcset=\"https:\/\/sminne-avocat.fr\/wp-content\/uploads\/2020\/06\/IMG_8172-768x1024.jpg 768w, https:\/\/sminne-avocat.fr\/wp-content\/uploads\/2020\/06\/IMG_8172-225x300.jpg 225w, https:\/\/sminne-avocat.fr\/wp-content\/uploads\/2020\/06\/IMG_8172-1152x1536.jpg 1152w, https:\/\/sminne-avocat.fr\/wp-content\/uploads\/2020\/06\/IMG_8172-1536x2048.jpg 1536w, https:\/\/sminne-avocat.fr\/wp-content\/uploads\/2020\/06\/IMG_8172-scaled.jpg 1920w\" sizes=\"(max-width: 768px) 100vw, 768px\" \/>\t\t\t\t\t\t\t\t\t\t\t\t\t\t<\/div>\n\t\t\t\t\t\t<\/div>\n\t\t\t\t<\/div>\n\t\t\t\t<div class=\"elementor-element elementor-element-410685ac elementor-widget elementor-widget-google_maps\" data-id=\"410685ac\" data-element_type=\"widget\" data-widget_type=\"google_maps.default\">\n\t\t\t\t<div class=\"elementor-widget-container\">\n\t\t\t\t\t<div class=\"elementor-custom-embed\">\n\t\t\t<iframe frameborder=\"0\" scrolling=\"no\" marginheight=\"0\" marginwidth=\"0\"\n\t\t\t\t\tsrc=\"https:\/\/maps.google.com\/maps?q=68%20rue%20de%20Wambrechies%2C%2059520%20MARQUETTE-LEZ-LILLE&#038;t=m&#038;z=18&#038;output=embed&#038;iwloc=near\"\n\t\t\t\t\ttitle=\"68 rue de Wambrechies, 59520 MARQUETTE-LEZ-LILLE\"\n\t\t\t\t\taria-label=\"68 rue de Wambrechies, 59520 MARQUETTE-LEZ-LILLE\"\n\t\t\t><\/iframe>\n\t\t<\/div>\n\t\t\t\t<\/div>\n\t\t\t\t<\/div>\n\t\t\t\t\t\t<\/div>\n\t\t\t\t\t<\/div>\n\t\t<\/div>\n\t\t\t\t<div class=\"elementor-column elementor-col-50 elementor-top-column elementor-element elementor-element-6423713e\" data-id=\"6423713e\" data-element_type=\"column\">\n\t\t\t<div class=\"elementor-column-wrap elementor-element-populated\">\n\t\t\t\t\t\t\t<div class=\"elementor-widget-wrap\">\n\t\t\t\t\t\t<div class=\"elementor-element elementor-element-26fef68a elementor-widget elementor-widget-heading\" data-id=\"26fef68a\" data-element_type=\"widget\" data-widget_type=\"heading.default\">\n\t\t\t\t<div class=\"elementor-widget-container\">\n\t\t\t<h4 class=\"elementor-heading-title elementor-size-default\">Afin d'\u00eatre totalement disposnibles pour vous, nous recevons uniquement sur rendez-vous<\/h4>\t\t<\/div>\n\t\t\t\t<\/div>\n\t\t\t\t<section class=\"elementor-section elementor-inner-section elementor-element elementor-element-1389365e elementor-section-boxed elementor-section-height-default elementor-section-height-default\" data-id=\"1389365e\" data-element_type=\"section\">\n\t\t\t\t\t\t<div class=\"elementor-container elementor-column-gap-default\">\n\t\t\t\t\t\t\t<div class=\"elementor-row\">\n\t\t\t\t\t<div class=\"elementor-column elementor-col-50 elementor-inner-column elementor-element elementor-element-4e2d2f03\" data-id=\"4e2d2f03\" data-element_type=\"column\">\n\t\t\t<div class=\"elementor-column-wrap elementor-element-populated\">\n\t\t\t\t\t\t\t<div class=\"elementor-widget-wrap\">\n\t\t\t\t\t\t<div class=\"elementor-element elementor-element-3b564a00 elementor-widget elementor-widget-heading\" data-id=\"3b564a00\" data-element_type=\"widget\" data-widget_type=\"heading.default\">\n\t\t\t\t<div class=\"elementor-widget-container\">\n\t\t\t<div class=\"elementor-heading-title elementor-size-default\">Notre adresse<\/div>\t\t<\/div>\n\t\t\t\t<\/div>\n\t\t\t\t<div class=\"elementor-element elementor-element-5d76f30b elementor-widget elementor-widget-text-editor\" data-id=\"5d76f30b\" data-element_type=\"widget\" data-widget_type=\"text-editor.default\">\n\t\t\t\t<div class=\"elementor-widget-container\">\n\t\t\t\t\t\t\t\t<div class=\"elementor-text-editor elementor-clearfix\">\n\t\t\t\t<p>68 rue de Wambrechies<br \/>Immeuble SDC Parc du Haut Touquet &#8211; B\u00e2timent B<br \/>59520 MARQUETTE-LEZ-LILLE<\/p>\t\t\t\t\t<\/div>\n\t\t\t\t\t\t<\/div>\n\t\t\t\t<\/div>\n\t\t\t\t\t\t<\/div>\n\t\t\t\t\t<\/div>\n\t\t<\/div>\n\t\t\t\t<div class=\"elementor-column elementor-col-50 elementor-inner-column elementor-element elementor-element-525e028c\" data-id=\"525e028c\" data-element_type=\"column\">\n\t\t\t<div class=\"elementor-column-wrap elementor-element-populated\">\n\t\t\t\t\t\t\t<div class=\"elementor-widget-wrap\">\n\t\t\t\t\t\t<div class=\"elementor-element elementor-element-13ec1bc8 elementor-widget elementor-widget-heading\" data-id=\"13ec1bc8\" data-element_type=\"widget\" data-widget_type=\"heading.default\">\n\t\t\t\t<div class=\"elementor-widget-container\">\n\t\t\t<div class=\"elementor-heading-title elementor-size-default\">NOUS CONTACTER<\/div>\t\t<\/div>\n\t\t\t\t<\/div>\n\t\t\t\t<div class=\"elementor-element elementor-element-6061dc39 elementor-widget elementor-widget-text-editor\" data-id=\"6061dc39\" data-element_type=\"widget\" data-widget_type=\"text-editor.default\">\n\t\t\t\t<div class=\"elementor-widget-container\">\n\t\t\t\t\t\t\t\t<div class=\"elementor-text-editor elementor-clearfix\">\n\t\t\t\t<p>T\u00e9l : 03 20 78 54 80<\/p>\t\t\t\t\t<\/div>\n\t\t\t\t\t\t<\/div>\n\t\t\t\t<\/div>\n\t\t\t\t<div class=\"elementor-element elementor-element-455f5bfb elementor-widget elementor-widget-text-editor\" data-id=\"455f5bfb\" data-element_type=\"widget\" data-widget_type=\"text-editor.default\">\n\t\t\t\t<div class=\"elementor-widget-container\">\n\t\t\t\t\t\t\t\t<div class=\"elementor-text-editor elementor-clearfix\">\n\t\t\t\t<p>Email :<br \/>sandrine.minne@sminne-avocat.fr<\/p>\t\t\t\t\t<\/div>\n\t\t\t\t\t\t<\/div>\n\t\t\t\t<\/div>\n\t\t\t\t\t\t<\/div>\n\t\t\t\t\t<\/div>\n\t\t<\/div>\n\t\t\t\t\t\t\t\t<\/div>\n\t\t\t\t\t<\/div>\n\t\t<\/section>\n\t\t\t\t<section class=\"elementor-section elementor-inner-section elementor-element elementor-element-69913719 elementor-section-boxed elementor-section-height-default elementor-section-height-default\" data-id=\"69913719\" data-element_type=\"section\">\n\t\t\t\t\t\t<div class=\"elementor-container elementor-column-gap-default\">\n\t\t\t\t\t\t\t<div class=\"elementor-row\">\n\t\t\t\t\t<div class=\"elementor-column elementor-col-100 elementor-inner-column elementor-element elementor-element-2ca96564\" data-id=\"2ca96564\" data-element_type=\"column\">\n\t\t\t<div class=\"elementor-column-wrap elementor-element-populated\">\n\t\t\t\t\t\t\t<div class=\"elementor-widget-wrap\">\n\t\t\t\t\t\t<div class=\"elementor-element elementor-element-e06fc70 elementor-widget elementor-widget-heading\" data-id=\"e06fc70\" data-element_type=\"widget\" data-widget_type=\"heading.default\">\n\t\t\t\t<div class=\"elementor-widget-container\">\n\t\t\t<div class=\"elementor-heading-title elementor-size-default\">Horaires d'ouverture<\/div>\t\t<\/div>\n\t\t\t\t<\/div>\n\t\t\t\t<div class=\"elementor-element elementor-element-2ea16e76 elementor-widget elementor-widget-text-editor\" data-id=\"2ea16e76\" data-element_type=\"widget\" data-widget_type=\"text-editor.default\">\n\t\t\t\t<div class=\"elementor-widget-container\">\n\t\t\t\t\t\t\t\t<div class=\"elementor-text-editor elementor-clearfix\">\n\t\t\t\t<p>Du lundi au vendredi :<br \/>9 H 00 &#8211; 12 H 00<br \/>14 H 00 &#8211; 18 H 00<\/p>\t\t\t\t\t<\/div>\n\t\t\t\t\t\t<\/div>\n\t\t\t\t<\/div>\n\t\t\t\t\t\t<\/div>\n\t\t\t\t\t<\/div>\n\t\t<\/div>\n\t\t\t\t\t\t\t\t<\/div>\n\t\t\t\t\t<\/div>\n\t\t<\/section>\n\t\t\t\t\t\t<\/div>\n\t\t\t\t\t<\/div>\n\t\t<\/div>\n\t\t\t\t\t\t\t\t<\/div>\n\t\t\t\t\t<\/div>\n\t\t<\/section>\n\t\t\t\t\t\t\t\t\t<\/div>\n\t\t\t<\/div>\n\t\t\t\t\t<\/div>\n\t\t","protected":false},"excerpt":{"rendered":"<p>Nos bureaux sont situ\u00e9s sur le Parc du Haut Touquet, au coeur de la m\u00e9tropole lilloise. Faciles d&rsquo;acc\u00e8s, avec du parking gratuit, et dans un cadre verdoyant, toutes les conditions sont r\u00e9unies pour vous accueillir agr\u00e9ablement. Afin d&rsquo;\u00eatre totalement disposnibles pour vous, nous recevons uniquement sur rendez-vous Notre adresse 68 rue de WambrechiesImmeuble SDC Parc [&hellip;]<\/p>\n","protected":false},"author":1,"featured_media":0,"parent":0,"menu_order":0,"comment_status":"closed","ping_status":"closed","template":"","meta":[],"yoast_head":"<!-- This site is optimized with the Yoast SEO plugin v18.6 - https:\/\/yoast.com\/wordpress\/plugins\/seo\/ -->\n<title>CONTACT - Sandrine MINNE, AVOCAT SDC Lille M\u00e9tropole<\/title>\n<meta name=\"description\" content=\"Avocat sp\u00e9cialis\u00e9 pour d\u00e9fendre vos droits et vous accompagner en Droit Commercial et Droit des affaires, NTIC, RGPD - SDC Lille M\u00e9tropole\" \/>\n<meta name=\"robots\" content=\"index, follow, max-snippet:-1, max-image-preview:large, max-video-preview:-1\" \/>\n<link rel=\"canonical\" href=\"https:\/\/sminne-avocat.fr\/index.php\/contact\/\" \/>\n<meta property=\"og:locale\" content=\"fr_FR\" \/>\n<meta property=\"og:type\" content=\"article\" \/>\n<meta property=\"og:title\" content=\"CONTACT - Sandrine MINNE, AVOCAT SDC Lille M\u00e9tropole\" \/>\n<meta property=\"og:description\" content=\"Avocat sp\u00e9cialis\u00e9 pour d\u00e9fendre vos droits et vous accompagner en Droit Commercial et Droit des affaires, NTIC, RGPD - SDC Lille M\u00e9tropole\" \/>\n<meta property=\"og:url\" content=\"https:\/\/sminne-avocat.fr\/index.php\/contact\/\" \/>\n<meta property=\"og:site_name\" content=\"Sandrine MINNE, AVOCAT\" \/>\n<meta property=\"article:modified_time\" content=\"2020-06-04T15:05:02+00:00\" \/>\n<meta property=\"og:image\" content=\"http:\/\/sminne-avocat.fr\/wp-content\/uploads\/2020\/06\/IMG_8166-225x300.jpg\" \/>\n<meta name=\"twitter:card\" content=\"summary_large_image\" \/>\n<script type=\"application\/ld+json\" class=\"yoast-schema-graph\">{\"@context\":\"https:\/\/schema.org\",\"@graph\":[{\"@type\":\"WebSite\",\"@id\":\"https:\/\/sminne-avocat.fr\/#website\",\"url\":\"https:\/\/sminne-avocat.fr\/\",\"name\":\"Sandrine MINNE, AVOCAT\",\"description\":\"\",\"potentialAction\":[{\"@type\":\"SearchAction\",\"target\":{\"@type\":\"EntryPoint\",\"urlTemplate\":\"https:\/\/sminne-avocat.fr\/?s={search_term_string}\"},\"query-input\":\"required name=search_term_string\"}],\"inLanguage\":\"fr-FR\"},{\"@type\":\"ImageObject\",\"@id\":\"https:\/\/sminne-avocat.fr\/index.php\/contact\/#primaryimage\",\"inLanguage\":\"fr-FR\",\"url\":\"http:\/\/sminne-avocat.fr\/wp-content\/uploads\/2020\/06\/IMG_8166-225x300.jpg\",\"contentUrl\":\"http:\/\/sminne-avocat.fr\/wp-content\/uploads\/2020\/06\/IMG_8166-225x300.jpg\"},{\"@type\":\"WebPage\",\"@id\":\"https:\/\/sminne-avocat.fr\/index.php\/contact\/#webpage\",\"url\":\"https:\/\/sminne-avocat.fr\/index.php\/contact\/\",\"name\":\"CONTACT - Sandrine MINNE, AVOCAT SDC Lille M\u00e9tropole\",\"isPartOf\":{\"@id\":\"https:\/\/sminne-avocat.fr\/#website\"},\"primaryImageOfPage\":{\"@id\":\"https:\/\/sminne-avocat.fr\/index.php\/contact\/#primaryimage\"},\"datePublished\":\"2020-01-24T12:56:10+00:00\",\"dateModified\":\"2020-06-04T15:05:02+00:00\",\"description\":\"Avocat sp\u00e9cialis\u00e9 pour d\u00e9fendre vos droits et vous accompagner en Droit Commercial et Droit des affaires, NTIC, RGPD - SDC Lille M\u00e9tropole\",\"breadcrumb\":{\"@id\":\"https:\/\/sminne-avocat.fr\/index.php\/contact\/#breadcrumb\"},\"inLanguage\":\"fr-FR\",\"potentialAction\":[{\"@type\":\"ReadAction\",\"target\":[\"https:\/\/sminne-avocat.fr\/index.php\/contact\/\"]}]},{\"@type\":\"BreadcrumbList\",\"@id\":\"https:\/\/sminne-avocat.fr\/index.php\/contact\/#breadcrumb\",\"itemListElement\":[{\"@type\":\"ListItem\",\"position\":1,\"name\":\"Accueil\",\"item\":\"https:\/\/sminne-avocat.fr\/\"},{\"@type\":\"ListItem\",\"position\":2,\"name\":\"CONTACT\"}]}]}<\/script>\n<!-- \/ Yoast SEO plugin. -->","yoast_head_json":{"title":"CONTACT - Sandrine MINNE, AVOCAT SDC Lille M\u00e9tropole","description":"Avocat sp\u00e9cialis\u00e9 pour d\u00e9fendre vos droits et vous accompagner en Droit Commercial et Droit des affaires, NTIC, RGPD - SDC Lille M\u00e9tropole","robots":{"index":"index","follow":"follow","max-snippet":"max-snippet:-1","max-image-preview":"max-image-preview:large","max-video-preview":"max-video-preview:-1"},"canonical":"https:\/\/sminne-avocat.fr\/index.php\/contact\/","og_locale":"fr_FR","og_type":"article","og_title":"CONTACT - Sandrine MINNE, AVOCAT SDC Lille M\u00e9tropole","og_description":"Avocat sp\u00e9cialis\u00e9 pour d\u00e9fendre vos droits et vous accompagner en Droit Commercial et Droit des affaires, NTIC, RGPD - SDC Lille M\u00e9tropole","og_url":"https:\/\/sminne-avocat.fr\/index.php\/contact\/","og_site_name":"Sandrine MINNE, AVOCAT","article_modified_time":"2020-06-04T15:05:02+00:00","og_image":[{"url":"http:\/\/sminne-avocat.fr\/wp-content\/uploads\/2020\/06\/IMG_8166-225x300.jpg"}],"twitter_card":"summary_large_image","schema":{"@context":"https:\/\/schema.org","@graph":[{"@type":"WebSite","@id":"https:\/\/sminne-avocat.fr\/#website","url":"https:\/\/sminne-avocat.fr\/","name":"Sandrine MINNE, AVOCAT","description":"","potentialAction":[{"@type":"SearchAction","target":{"@type":"EntryPoint","urlTemplate":"https:\/\/sminne-avocat.fr\/?s={search_term_string}"},"query-input":"required name=search_term_string"}],"inLanguage":"fr-FR"},{"@type":"ImageObject","@id":"https:\/\/sminne-avocat.fr\/index.php\/contact\/#primaryimage","inLanguage":"fr-FR","url":"http:\/\/sminne-avocat.fr\/wp-content\/uploads\/2020\/06\/IMG_8166-225x300.jpg","contentUrl":"http:\/\/sminne-avocat.fr\/wp-content\/uploads\/2020\/06\/IMG_8166-225x300.jpg"},{"@type":"WebPage","@id":"https:\/\/sminne-avocat.fr\/index.php\/contact\/#webpage","url":"https:\/\/sminne-avocat.fr\/index.php\/contact\/","name":"CONTACT - Sandrine MINNE, AVOCAT SDC Lille M\u00e9tropole","isPartOf":{"@id":"https:\/\/sminne-avocat.fr\/#website"},"primaryImageOfPage":{"@id":"https:\/\/sminne-avocat.fr\/index.php\/contact\/#primaryimage"},"datePublished":"2020-01-24T12:56:10+00:00","dateModified":"2020-06-04T15:05:02+00:00","description":"Avocat sp\u00e9cialis\u00e9 pour d\u00e9fendre vos droits et vous accompagner en Droit Commercial et Droit des affaires, NTIC, RGPD - SDC Lille M\u00e9tropole","breadcrumb":{"@id":"https:\/\/sminne-avocat.fr\/index.php\/contact\/#breadcrumb"},"inLanguage":"fr-FR","potentialAction":[{"@type":"ReadAction","target":["https:\/\/sminne-avocat.fr\/index.php\/contact\/"]}]},{"@type":"BreadcrumbList","@id":"https:\/\/sminne-avocat.fr\/index.php\/contact\/#breadcrumb","itemListElement":[{"@type":"ListItem","position":1,"name":"Accueil","item":"https:\/\/sminne-avocat.fr\/"},{"@type":"ListItem","position":2,"name":"CONTACT"}]}]}},"_links":{"self":[{"href":"https:\/\/sminne-avocat.fr\/index.php\/wp-json\/wp\/v2\/pages\/14"}],"collection":[{"href":"https:\/\/sminne-avocat.fr\/index.php\/wp-json\/wp\/v2\/pages"}],"about":[{"href":"https:\/\/sminne-avocat.fr\/index.php\/wp-json\/wp\/v2\/types\/page"}],"author":[{"embeddable":true,"href":"https:\/\/sminne-avocat.fr\/index.php\/wp-json\/wp\/v2\/users\/1"}],"replies":[{"embeddable":true,"href":"https:\/\/sminne-avocat.fr\/index.php\/wp-json\/wp\/v2\/comments?post=14"}],"version-history":[{"count":9,"href":"https:\/\/sminne-avocat.fr\/index.php\/wp-json\/wp\/v2\/pages\/14\/revisions"}],"predecessor-version":[{"id":393,"href":"https:\/\/sminne-avocat.fr\/index.php\/wp-json\/wp\/v2\/pages\/14\/revisions\/393"}],"wp:attachment":[{"href":"https:\/\/sminne-avocat.fr\/index.php\/wp-json\/wp\/v2\/media?parent=14"}],"curies":[{"name":"wp","href":"https:\/\/api.w.org\/{rel}","templated":true}]}}