{"id":12,"date":"2020-01-24T13:56:10","date_gmt":"2020-01-24T12:56:10","guid":{"rendered":"http:\/\/sminne-avocat.fr\/?page_id=12"},"modified":"2020-02-13T20:05:37","modified_gmt":"2020-02-13T19:05:37","slug":"ntic","status":"publish","type":"page","link":"https:\/\/sminne-avocat.fr\/index.php\/ntic\/","title":{"rendered":"NTIC"},"content":{"rendered":"\t\t<div data-elementor-type=\"wp-page\" data-elementor-id=\"12\" class=\"elementor elementor-12\">\n\t\t\t\t\t\t<div class=\"elementor-inner\">\n\t\t\t\t<div class=\"elementor-section-wrap\">\n\t\t\t\t\t\t\t\t\t<section class=\"elementor-section elementor-top-section elementor-element elementor-element-5e7d2aca elementor-section-boxed elementor-section-height-default elementor-section-height-default\" data-id=\"5e7d2aca\" data-element_type=\"section\" data-settings=\"{&quot;background_background&quot;:&quot;classic&quot;}\">\n\t\t\t\t\t\t<div class=\"elementor-container elementor-column-gap-default\">\n\t\t\t\t\t\t\t<div class=\"elementor-row\">\n\t\t\t\t\t<div class=\"elementor-column elementor-col-100 elementor-top-column elementor-element elementor-element-5861d7bf\" data-id=\"5861d7bf\" data-element_type=\"column\">\n\t\t\t<div class=\"elementor-column-wrap elementor-element-populated\">\n\t\t\t\t\t\t\t<div class=\"elementor-widget-wrap\">\n\t\t\t\t\t\t<div class=\"elementor-element elementor-element-3b1dc130 elementor-widget elementor-widget-heading\" data-id=\"3b1dc130\" data-element_type=\"widget\" data-widget_type=\"heading.default\">\n\t\t\t\t<div class=\"elementor-widget-container\">\n\t\t\t<h1 class=\"elementor-heading-title elementor-size-default\">NTIC \/\/ Les Nouvelles Technologies de l'Information et de la Communication<\/h1>\t\t<\/div>\n\t\t\t\t<\/div>\n\t\t\t\t<div class=\"elementor-element elementor-element-775d4f71 elementor-widget elementor-widget-spacer\" data-id=\"775d4f71\" data-element_type=\"widget\" data-widget_type=\"spacer.default\">\n\t\t\t\t<div class=\"elementor-widget-container\">\n\t\t\t\t\t<div class=\"elementor-spacer\">\n\t\t\t<div class=\"elementor-spacer-inner\"><\/div>\n\t\t<\/div>\n\t\t\t\t<\/div>\n\t\t\t\t<\/div>\n\t\t\t\t<section class=\"elementor-section elementor-inner-section elementor-element elementor-element-2ec6f585 elementor-section-boxed elementor-section-height-default elementor-section-height-default\" data-id=\"2ec6f585\" data-element_type=\"section\">\n\t\t\t\t\t\t<div class=\"elementor-container elementor-column-gap-wide\">\n\t\t\t\t\t\t\t<div class=\"elementor-row\">\n\t\t\t\t\t<div class=\"elementor-column elementor-col-33 elementor-inner-column elementor-element elementor-element-7e50fb7c\" data-id=\"7e50fb7c\" data-element_type=\"column\">\n\t\t\t<div class=\"elementor-column-wrap elementor-element-populated\">\n\t\t\t\t\t\t\t<div class=\"elementor-widget-wrap\">\n\t\t\t\t\t\t<div class=\"elementor-element elementor-element-1e0d4259 elementor-widget elementor-widget-heading\" data-id=\"1e0d4259\" data-element_type=\"widget\" data-widget_type=\"heading.default\">\n\t\t\t\t<div class=\"elementor-widget-container\">\n\t\t\t<h2 class=\"elementor-heading-title elementor-size-default\">Sites Internet & Autres activit\u00e9s sur le WEB<\/h2>\t\t<\/div>\n\t\t\t\t<\/div>\n\t\t\t\t<div class=\"elementor-element elementor-element-21f333e3 elementor-widget-divider--view-line elementor-widget elementor-widget-divider\" data-id=\"21f333e3\" data-element_type=\"widget\" data-widget_type=\"divider.default\">\n\t\t\t\t<div class=\"elementor-widget-container\">\n\t\t\t\t\t<div class=\"elementor-divider\">\n\t\t\t<span class=\"elementor-divider-separator\">\n\t\t\t\t\t\t<\/span>\n\t\t<\/div>\n\t\t\t\t<\/div>\n\t\t\t\t<\/div>\n\t\t\t\t<div class=\"elementor-element elementor-element-4f225109 elementor-widget elementor-widget-image\" data-id=\"4f225109\" data-element_type=\"widget\" data-widget_type=\"image.default\">\n\t\t\t\t<div class=\"elementor-widget-container\">\n\t\t\t\t\t\t\t\t<div class=\"elementor-image\">\n\t\t\t\t\t\t\t\t\t\t\t\t<img width=\"300\" height=\"157\" src=\"https:\/\/sminne-avocat.fr\/wp-content\/uploads\/2020\/02\/Droit-de-linternet_sites-web-01-01-300x157.png\" class=\"attachment-medium size-medium\" alt=\"\" loading=\"lazy\" srcset=\"https:\/\/sminne-avocat.fr\/wp-content\/uploads\/2020\/02\/Droit-de-linternet_sites-web-01-01-300x157.png 300w, https:\/\/sminne-avocat.fr\/wp-content\/uploads\/2020\/02\/Droit-de-linternet_sites-web-01-01-1024x535.png 1024w, https:\/\/sminne-avocat.fr\/wp-content\/uploads\/2020\/02\/Droit-de-linternet_sites-web-01-01-768x401.png 768w, https:\/\/sminne-avocat.fr\/wp-content\/uploads\/2020\/02\/Droit-de-linternet_sites-web-01-01-1536x802.png 1536w, https:\/\/sminne-avocat.fr\/wp-content\/uploads\/2020\/02\/Droit-de-linternet_sites-web-01-01-2048x1070.png 2048w\" sizes=\"(max-width: 300px) 100vw, 300px\" \/>\t\t\t\t\t\t\t\t\t\t\t\t\t\t<\/div>\n\t\t\t\t\t\t<\/div>\n\t\t\t\t<\/div>\n\t\t\t\t<div class=\"elementor-element elementor-element-529ad51d elementor-widget elementor-widget-text-editor\" data-id=\"529ad51d\" data-element_type=\"widget\" data-widget_type=\"text-editor.default\">\n\t\t\t\t<div class=\"elementor-widget-container\">\n\t\t\t\t\t\t\t\t<div class=\"elementor-text-editor elementor-clearfix\">\n\t\t\t\t<p>Sandrine Minne est sp\u00e9cialis\u00e9e en Droit des Nouvelles Technologies.<\/p><p>Le cabinet vous accompagne dans la r\u00e9daction des contrats n\u00e9cessaires \u00e0 l\u2019exploitation de votre site qui implique l\u2019intervention de multiples prestataires dont il faut s\u00e9curiser les prestations. Fort de son exp\u00e9rience, le cabinet saura vous accompagner dans la r\u00e9daction, l\u2019analyse et la n\u00e9gociations de ces contrats et \u00e9galement de vos Conditions G\u00e9n\u00e9rales de Vente ou d\u2019Utilisation, Mentions l\u00e9gales, Contrat de cr\u00e9ation et de cession de site internet, Charte informatique.<\/p>\t\t\t\t\t<\/div>\n\t\t\t\t\t\t<\/div>\n\t\t\t\t<\/div>\n\t\t\t\t\t\t<\/div>\n\t\t\t\t\t<\/div>\n\t\t<\/div>\n\t\t\t\t<div class=\"elementor-column elementor-col-33 elementor-inner-column elementor-element elementor-element-3e4d9e1\" data-id=\"3e4d9e1\" data-element_type=\"column\">\n\t\t\t<div class=\"elementor-column-wrap elementor-element-populated\">\n\t\t\t\t\t\t\t<div class=\"elementor-widget-wrap\">\n\t\t\t\t\t\t<div class=\"elementor-element elementor-element-2e867c92 elementor-widget elementor-widget-heading\" data-id=\"2e867c92\" data-element_type=\"widget\" data-widget_type=\"heading.default\">\n\t\t\t\t<div class=\"elementor-widget-container\">\n\t\t\t<h2 class=\"elementor-heading-title elementor-size-default\">Logiciels - Contrats informatiques<\/h2>\t\t<\/div>\n\t\t\t\t<\/div>\n\t\t\t\t<div class=\"elementor-element elementor-element-47f3bdb1 elementor-widget-divider--view-line elementor-widget elementor-widget-divider\" data-id=\"47f3bdb1\" data-element_type=\"widget\" data-widget_type=\"divider.default\">\n\t\t\t\t<div class=\"elementor-widget-container\">\n\t\t\t\t\t<div class=\"elementor-divider\">\n\t\t\t<span class=\"elementor-divider-separator\">\n\t\t\t\t\t\t<\/span>\n\t\t<\/div>\n\t\t\t\t<\/div>\n\t\t\t\t<\/div>\n\t\t\t\t<div class=\"elementor-element elementor-element-1517c962 elementor-widget elementor-widget-text-editor\" data-id=\"1517c962\" data-element_type=\"widget\" data-widget_type=\"text-editor.default\">\n\t\t\t\t<div class=\"elementor-widget-container\">\n\t\t\t\t\t\t\t\t<div class=\"elementor-text-editor elementor-clearfix\">\n\t\t\t\t<p>Le cabinet dispose d\u2019une longue exp\u00e9rience dans l\u2019analyse, la r\u00e9daction et la n\u00e9gociation des contrats informatiques. Sandrine MINNE, avocat sp\u00e9cialis\u00e9e en droit des nouvelles technologies vous conseillera en mati\u00e8re de contrats de licence, contrats de maintenance, contrats d&rsquo;h\u00e9bergement, contrats d&rsquo;infog\u00e9rance.<\/p><p>Rompue au contentieux devant les tribunaux de commerce, et de grande instance, le cabinet saura d\u00e9fendre vos droits \u00e0 l\u2019occasion de contentieux\u00a0 et d\u2019op\u00e9rations d\u2019expertise.<\/p>\t\t\t\t\t<\/div>\n\t\t\t\t\t\t<\/div>\n\t\t\t\t<\/div>\n\t\t\t\t<div class=\"elementor-element elementor-element-49a2558b elementor-widget elementor-widget-image\" data-id=\"49a2558b\" data-element_type=\"widget\" data-widget_type=\"image.default\">\n\t\t\t\t<div class=\"elementor-widget-container\">\n\t\t\t\t\t\t\t\t<div class=\"elementor-image\">\n\t\t\t\t\t\t\t\t\t\t\t\t<img width=\"2560\" height=\"1707\" src=\"https:\/\/sminne-avocat.fr\/wp-content\/uploads\/2020\/02\/Contrats-informatiques_logiciels-scaled.jpeg\" class=\"attachment-full size-full\" alt=\"Contrats Informatiques\" loading=\"lazy\" srcset=\"https:\/\/sminne-avocat.fr\/wp-content\/uploads\/2020\/02\/Contrats-informatiques_logiciels-scaled.jpeg 2560w, https:\/\/sminne-avocat.fr\/wp-content\/uploads\/2020\/02\/Contrats-informatiques_logiciels-300x200.jpeg 300w, https:\/\/sminne-avocat.fr\/wp-content\/uploads\/2020\/02\/Contrats-informatiques_logiciels-1024x683.jpeg 1024w, https:\/\/sminne-avocat.fr\/wp-content\/uploads\/2020\/02\/Contrats-informatiques_logiciels-768x512.jpeg 768w, https:\/\/sminne-avocat.fr\/wp-content\/uploads\/2020\/02\/Contrats-informatiques_logiciels-1536x1024.jpeg 1536w, https:\/\/sminne-avocat.fr\/wp-content\/uploads\/2020\/02\/Contrats-informatiques_logiciels-2048x1365.jpeg 2048w\" sizes=\"(max-width: 2560px) 100vw, 2560px\" \/>\t\t\t\t\t\t\t\t\t\t\t\t\t\t<\/div>\n\t\t\t\t\t\t<\/div>\n\t\t\t\t<\/div>\n\t\t\t\t\t\t<\/div>\n\t\t\t\t\t<\/div>\n\t\t<\/div>\n\t\t\t\t<div class=\"elementor-column elementor-col-33 elementor-inner-column elementor-element elementor-element-10389252\" data-id=\"10389252\" data-element_type=\"column\">\n\t\t\t<div class=\"elementor-column-wrap elementor-element-populated\">\n\t\t\t\t\t\t\t<div class=\"elementor-widget-wrap\">\n\t\t\t\t\t\t<div class=\"elementor-element elementor-element-4da7dc81 elementor-widget elementor-widget-heading\" data-id=\"4da7dc81\" data-element_type=\"widget\" data-widget_type=\"heading.default\">\n\t\t\t\t<div class=\"elementor-widget-container\">\n\t\t\t<h2 class=\"elementor-heading-title elementor-size-default\">E-r\u00e9putation<\/h2>\t\t<\/div>\n\t\t\t\t<\/div>\n\t\t\t\t<div class=\"elementor-element elementor-element-29de244c elementor-widget-divider--view-line elementor-widget elementor-widget-divider\" data-id=\"29de244c\" data-element_type=\"widget\" data-widget_type=\"divider.default\">\n\t\t\t\t<div class=\"elementor-widget-container\">\n\t\t\t\t\t<div class=\"elementor-divider\">\n\t\t\t<span class=\"elementor-divider-separator\">\n\t\t\t\t\t\t<\/span>\n\t\t<\/div>\n\t\t\t\t<\/div>\n\t\t\t\t<\/div>\n\t\t\t\t<div class=\"elementor-element elementor-element-365bb6b4 elementor-widget elementor-widget-image\" data-id=\"365bb6b4\" data-element_type=\"widget\" data-widget_type=\"image.default\">\n\t\t\t\t<div class=\"elementor-widget-container\">\n\t\t\t\t\t\t\t\t<div class=\"elementor-image\">\n\t\t\t\t\t\t\t\t\t\t\t\t<img width=\"2560\" height=\"1401\" src=\"https:\/\/sminne-avocat.fr\/wp-content\/uploads\/2020\/02\/E_r\u00e9putation-scaled.jpeg\" class=\"attachment-full size-full\" alt=\"R\u00e9putation sur Internet et les r\u00e9seaux sociaux\" loading=\"lazy\" srcset=\"https:\/\/sminne-avocat.fr\/wp-content\/uploads\/2020\/02\/E_r\u00e9putation-scaled.jpeg 2560w, https:\/\/sminne-avocat.fr\/wp-content\/uploads\/2020\/02\/E_r\u00e9putation-300x164.jpeg 300w, https:\/\/sminne-avocat.fr\/wp-content\/uploads\/2020\/02\/E_r\u00e9putation-1024x560.jpeg 1024w, https:\/\/sminne-avocat.fr\/wp-content\/uploads\/2020\/02\/E_r\u00e9putation-768x420.jpeg 768w, https:\/\/sminne-avocat.fr\/wp-content\/uploads\/2020\/02\/E_r\u00e9putation-1536x841.jpeg 1536w, https:\/\/sminne-avocat.fr\/wp-content\/uploads\/2020\/02\/E_r\u00e9putation-2048x1121.jpeg 2048w\" sizes=\"(max-width: 2560px) 100vw, 2560px\" \/>\t\t\t\t\t\t\t\t\t\t\t\t\t\t<\/div>\n\t\t\t\t\t\t<\/div>\n\t\t\t\t<\/div>\n\t\t\t\t<div class=\"elementor-element elementor-element-6a3328f9 elementor-widget elementor-widget-text-editor\" data-id=\"6a3328f9\" data-element_type=\"widget\" data-widget_type=\"text-editor.default\">\n\t\t\t\t<div class=\"elementor-widget-container\">\n\t\t\t\t\t\t\t\t<div class=\"elementor-text-editor elementor-clearfix\">\n\t\t\t\t<p>L\u2019assistance d\u2019un avocat sp\u00e9cialis\u00e9 est indispensable lorsque vous \u00eates confront\u00e9 \u00e0 une atteinte \u00e0 votre r\u00e9putation sur Internet.<\/p><p>Sandrine MINNE, avocat sp\u00e9cialis\u00e9e en droit des nouvelles technologies vous accompagnera dans la collecte des preuves, la qualification de l\u2019atteinte( d\u00e9nigrement, diffamation, atteinte \u00e0 la vie priv\u00e9e) et vous repr\u00e9sentera devant les juridictions comp\u00e9tentes civile ou p\u00e9nale avec pour objectif de faire cesser l\u2019atteinte et d\u2019obtenir r\u00e9paration.<\/p>\t\t\t\t\t<\/div>\n\t\t\t\t\t\t<\/div>\n\t\t\t\t<\/div>\n\t\t\t\t\t\t<\/div>\n\t\t\t\t\t<\/div>\n\t\t<\/div>\n\t\t\t\t\t\t\t\t<\/div>\n\t\t\t\t\t<\/div>\n\t\t<\/section>\n\t\t\t\t<div class=\"elementor-element elementor-element-826ee8f elementor-widget elementor-widget-spacer\" data-id=\"826ee8f\" data-element_type=\"widget\" data-widget_type=\"spacer.default\">\n\t\t\t\t<div class=\"elementor-widget-container\">\n\t\t\t\t\t<div class=\"elementor-spacer\">\n\t\t\t<div class=\"elementor-spacer-inner\"><\/div>\n\t\t<\/div>\n\t\t\t\t<\/div>\n\t\t\t\t<\/div>\n\t\t\t\t<section class=\"elementor-section elementor-inner-section elementor-element elementor-element-741d10af elementor-section-boxed elementor-section-height-default elementor-section-height-default\" data-id=\"741d10af\" data-element_type=\"section\">\n\t\t\t\t\t\t<div class=\"elementor-container elementor-column-gap-default\">\n\t\t\t\t\t\t\t<div class=\"elementor-row\">\n\t\t\t\t\t<div class=\"elementor-column elementor-col-100 elementor-inner-column elementor-element elementor-element-48622f50\" data-id=\"48622f50\" data-element_type=\"column\">\n\t\t\t<div class=\"elementor-column-wrap elementor-element-populated\">\n\t\t\t\t\t\t\t<div class=\"elementor-widget-wrap\">\n\t\t\t\t\t\t<div class=\"elementor-element elementor-element-463afc3 elementor-widget elementor-widget-heading\" data-id=\"463afc3\" data-element_type=\"widget\" data-widget_type=\"heading.default\">\n\t\t\t\t<div class=\"elementor-widget-container\">\n\t\t\t<h2 class=\"elementor-heading-title elementor-size-default\">NTIC & DROIT DU TRAVAIL<\/h2>\t\t<\/div>\n\t\t\t\t<\/div>\n\t\t\t\t<div class=\"elementor-element elementor-element-b475da0 elementor-widget-divider--view-line elementor-widget elementor-widget-divider\" data-id=\"b475da0\" data-element_type=\"widget\" data-widget_type=\"divider.default\">\n\t\t\t\t<div class=\"elementor-widget-container\">\n\t\t\t\t\t<div class=\"elementor-divider\">\n\t\t\t<span class=\"elementor-divider-separator\">\n\t\t\t\t\t\t<\/span>\n\t\t<\/div>\n\t\t\t\t<\/div>\n\t\t\t\t<\/div>\n\t\t\t\t<div class=\"elementor-element elementor-element-7054c5bc elementor-widget elementor-widget-image\" data-id=\"7054c5bc\" data-element_type=\"widget\" data-widget_type=\"image.default\">\n\t\t\t\t<div class=\"elementor-widget-container\">\n\t\t\t\t\t\t\t\t<div class=\"elementor-image\">\n\t\t\t\t\t\t\t\t\t\t\t\t<img width=\"2560\" height=\"1666\" src=\"https:\/\/sminne-avocat.fr\/wp-content\/uploads\/2020\/02\/NTIC-et-DROIT-DU-TRAVAIL-scaled.jpeg\" class=\"attachment-full size-full\" alt=\"Photo NTIC et DROIT DU TRAVAIL\" loading=\"lazy\" srcset=\"https:\/\/sminne-avocat.fr\/wp-content\/uploads\/2020\/02\/NTIC-et-DROIT-DU-TRAVAIL-scaled.jpeg 2560w, https:\/\/sminne-avocat.fr\/wp-content\/uploads\/2020\/02\/NTIC-et-DROIT-DU-TRAVAIL-300x195.jpeg 300w, https:\/\/sminne-avocat.fr\/wp-content\/uploads\/2020\/02\/NTIC-et-DROIT-DU-TRAVAIL-1024x666.jpeg 1024w, https:\/\/sminne-avocat.fr\/wp-content\/uploads\/2020\/02\/NTIC-et-DROIT-DU-TRAVAIL-768x500.jpeg 768w, https:\/\/sminne-avocat.fr\/wp-content\/uploads\/2020\/02\/NTIC-et-DROIT-DU-TRAVAIL-1536x999.jpeg 1536w, https:\/\/sminne-avocat.fr\/wp-content\/uploads\/2020\/02\/NTIC-et-DROIT-DU-TRAVAIL-2048x1333.jpeg 2048w\" sizes=\"(max-width: 2560px) 100vw, 2560px\" \/>\t\t\t\t\t\t\t\t\t\t\t\t\t\t<\/div>\n\t\t\t\t\t\t<\/div>\n\t\t\t\t<\/div>\n\t\t\t\t<div class=\"elementor-element elementor-element-56f54783 elementor-widget elementor-widget-text-editor\" data-id=\"56f54783\" data-element_type=\"widget\" data-widget_type=\"text-editor.default\">\n\t\t\t\t<div class=\"elementor-widget-container\">\n\t\t\t\t\t\t\t\t<div class=\"elementor-text-editor elementor-clearfix\">\n\t\t\t\t<p>L\u2019utilisation permanente des outils informatiques a fait \u00e9voluer la relation de travail existante entre les salari\u00e9s et les employeurs. L\u2019employeur doit s\u2019assurer du bon usage des nouvelles technologies et auditer ses pratiques au regard de la protection des donn\u00e9es personnelles, du droit \u00e0 la vie priv\u00e9e.<\/p><p>En partenariat avec le cabinet Stephan FARINA AVOCATS, expert en Droit Social et Droit du Travail, Sandrine MINNE vous assiste dans la r\u00e9daction de votre charte informatique, dans la mise en conformit\u00e9 RGPD, dans la gestion des moyens techniques mis \u00e0 la disposition de l\u2019employeur (vid\u00e9osurveillance, g\u00e9olocalisation, acc\u00e8s aux mails).<\/p>\t\t\t\t\t<\/div>\n\t\t\t\t\t\t<\/div>\n\t\t\t\t<\/div>\n\t\t\t\t\t\t<\/div>\n\t\t\t\t\t<\/div>\n\t\t<\/div>\n\t\t\t\t\t\t\t\t<\/div>\n\t\t\t\t\t<\/div>\n\t\t<\/section>\n\t\t\t\t<div class=\"elementor-element elementor-element-37910cc6 elementor-widget elementor-widget-spacer\" data-id=\"37910cc6\" data-element_type=\"widget\" data-widget_type=\"spacer.default\">\n\t\t\t\t<div class=\"elementor-widget-container\">\n\t\t\t\t\t<div class=\"elementor-spacer\">\n\t\t\t<div class=\"elementor-spacer-inner\"><\/div>\n\t\t<\/div>\n\t\t\t\t<\/div>\n\t\t\t\t<\/div>\n\t\t\t\t\t\t<\/div>\n\t\t\t\t\t<\/div>\n\t\t<\/div>\n\t\t\t\t\t\t\t\t<\/div>\n\t\t\t\t\t<\/div>\n\t\t<\/section>\n\t\t\t\t\t\t\t\t\t<\/div>\n\t\t\t<\/div>\n\t\t\t\t\t<\/div>\n\t\t","protected":false},"excerpt":{"rendered":"<p>NTIC \/\/ Les Nouvelles Technologies de l&rsquo;Information et de la Communication Sites Internet &#038; Autres activit\u00e9s sur le WEB Sandrine Minne est sp\u00e9cialis\u00e9e en Droit des Nouvelles Technologies. Le cabinet vous accompagne dans la r\u00e9daction des contrats n\u00e9cessaires \u00e0 l\u2019exploitation de votre site qui implique l\u2019intervention de multiples prestataires dont il faut s\u00e9curiser les prestations. [&hellip;]<\/p>\n","protected":false},"author":1,"featured_media":0,"parent":0,"menu_order":0,"comment_status":"closed","ping_status":"closed","template":"","meta":[],"yoast_head":"<!-- This site is optimized with the Yoast SEO plugin v18.6 - https:\/\/yoast.com\/wordpress\/plugins\/seo\/ -->\n<title>NTIC - Sandrine MINNE, AVOCAT SDC Lille M\u00e9tropole<\/title>\n<meta name=\"description\" content=\"Vos droits et obligations sur les nouvelles technologies de l&#039;information et de la communication. Je d\u00e9fends vos droits et je vous conseille...\" \/>\n<meta name=\"robots\" content=\"index, follow, max-snippet:-1, max-image-preview:large, max-video-preview:-1\" \/>\n<link rel=\"canonical\" href=\"https:\/\/sminne-avocat.fr\/index.php\/ntic\/\" \/>\n<meta property=\"og:locale\" content=\"fr_FR\" \/>\n<meta property=\"og:type\" content=\"article\" \/>\n<meta property=\"og:title\" content=\"NTIC - Sandrine MINNE, AVOCAT SDC Lille M\u00e9tropole\" \/>\n<meta property=\"og:description\" content=\"Vos droits et obligations sur les nouvelles technologies de l&#039;information et de la communication. Je d\u00e9fends vos droits et je vous conseille...\" \/>\n<meta property=\"og:url\" content=\"https:\/\/sminne-avocat.fr\/index.php\/ntic\/\" \/>\n<meta property=\"og:site_name\" content=\"Sandrine MINNE, AVOCAT\" \/>\n<meta property=\"article:modified_time\" content=\"2020-02-13T19:05:37+00:00\" \/>\n<meta property=\"og:image\" content=\"http:\/\/sminne-avocat.fr\/wp-content\/uploads\/2020\/02\/Droit-de-linternet_sites-web-01-01-300x157.png\" \/>\n<meta name=\"twitter:card\" content=\"summary_large_image\" \/>\n<meta name=\"twitter:label1\" content=\"Dur\u00e9e de lecture estim\u00e9e\" \/>\n\t<meta name=\"twitter:data1\" content=\"2 minutes\" \/>\n<script type=\"application\/ld+json\" class=\"yoast-schema-graph\">{\"@context\":\"https:\/\/schema.org\",\"@graph\":[{\"@type\":\"WebSite\",\"@id\":\"https:\/\/sminne-avocat.fr\/#website\",\"url\":\"https:\/\/sminne-avocat.fr\/\",\"name\":\"Sandrine MINNE, AVOCAT\",\"description\":\"\",\"potentialAction\":[{\"@type\":\"SearchAction\",\"target\":{\"@type\":\"EntryPoint\",\"urlTemplate\":\"https:\/\/sminne-avocat.fr\/?s={search_term_string}\"},\"query-input\":\"required name=search_term_string\"}],\"inLanguage\":\"fr-FR\"},{\"@type\":\"ImageObject\",\"@id\":\"https:\/\/sminne-avocat.fr\/index.php\/ntic\/#primaryimage\",\"inLanguage\":\"fr-FR\",\"url\":\"https:\/\/sminne-avocat.fr\/wp-content\/uploads\/2020\/02\/Droit-de-linternet_sites-web-01-01.png\",\"contentUrl\":\"https:\/\/sminne-avocat.fr\/wp-content\/uploads\/2020\/02\/Droit-de-linternet_sites-web-01-01.png\",\"width\":3448,\"height\":1801},{\"@type\":\"WebPage\",\"@id\":\"https:\/\/sminne-avocat.fr\/index.php\/ntic\/#webpage\",\"url\":\"https:\/\/sminne-avocat.fr\/index.php\/ntic\/\",\"name\":\"NTIC - Sandrine MINNE, AVOCAT SDC Lille M\u00e9tropole\",\"isPartOf\":{\"@id\":\"https:\/\/sminne-avocat.fr\/#website\"},\"primaryImageOfPage\":{\"@id\":\"https:\/\/sminne-avocat.fr\/index.php\/ntic\/#primaryimage\"},\"datePublished\":\"2020-01-24T12:56:10+00:00\",\"dateModified\":\"2020-02-13T19:05:37+00:00\",\"description\":\"Vos droits et obligations sur les nouvelles technologies de l'information et de la communication. Je d\u00e9fends vos droits et je vous conseille...\",\"breadcrumb\":{\"@id\":\"https:\/\/sminne-avocat.fr\/index.php\/ntic\/#breadcrumb\"},\"inLanguage\":\"fr-FR\",\"potentialAction\":[{\"@type\":\"ReadAction\",\"target\":[\"https:\/\/sminne-avocat.fr\/index.php\/ntic\/\"]}]},{\"@type\":\"BreadcrumbList\",\"@id\":\"https:\/\/sminne-avocat.fr\/index.php\/ntic\/#breadcrumb\",\"itemListElement\":[{\"@type\":\"ListItem\",\"position\":1,\"name\":\"Accueil\",\"item\":\"https:\/\/sminne-avocat.fr\/\"},{\"@type\":\"ListItem\",\"position\":2,\"name\":\"NTIC\"}]}]}<\/script>\n<!-- \/ Yoast SEO plugin. -->","yoast_head_json":{"title":"NTIC - Sandrine MINNE, AVOCAT SDC Lille M\u00e9tropole","description":"Vos droits et obligations sur les nouvelles technologies de l'information et de la communication. Je d\u00e9fends vos droits et je vous conseille...","robots":{"index":"index","follow":"follow","max-snippet":"max-snippet:-1","max-image-preview":"max-image-preview:large","max-video-preview":"max-video-preview:-1"},"canonical":"https:\/\/sminne-avocat.fr\/index.php\/ntic\/","og_locale":"fr_FR","og_type":"article","og_title":"NTIC - Sandrine MINNE, AVOCAT SDC Lille M\u00e9tropole","og_description":"Vos droits et obligations sur les nouvelles technologies de l'information et de la communication. Je d\u00e9fends vos droits et je vous conseille...","og_url":"https:\/\/sminne-avocat.fr\/index.php\/ntic\/","og_site_name":"Sandrine MINNE, AVOCAT","article_modified_time":"2020-02-13T19:05:37+00:00","og_image":[{"url":"http:\/\/sminne-avocat.fr\/wp-content\/uploads\/2020\/02\/Droit-de-linternet_sites-web-01-01-300x157.png"}],"twitter_card":"summary_large_image","twitter_misc":{"Dur\u00e9e de lecture estim\u00e9e":"2 minutes"},"schema":{"@context":"https:\/\/schema.org","@graph":[{"@type":"WebSite","@id":"https:\/\/sminne-avocat.fr\/#website","url":"https:\/\/sminne-avocat.fr\/","name":"Sandrine MINNE, AVOCAT","description":"","potentialAction":[{"@type":"SearchAction","target":{"@type":"EntryPoint","urlTemplate":"https:\/\/sminne-avocat.fr\/?s={search_term_string}"},"query-input":"required name=search_term_string"}],"inLanguage":"fr-FR"},{"@type":"ImageObject","@id":"https:\/\/sminne-avocat.fr\/index.php\/ntic\/#primaryimage","inLanguage":"fr-FR","url":"https:\/\/sminne-avocat.fr\/wp-content\/uploads\/2020\/02\/Droit-de-linternet_sites-web-01-01.png","contentUrl":"https:\/\/sminne-avocat.fr\/wp-content\/uploads\/2020\/02\/Droit-de-linternet_sites-web-01-01.png","width":3448,"height":1801},{"@type":"WebPage","@id":"https:\/\/sminne-avocat.fr\/index.php\/ntic\/#webpage","url":"https:\/\/sminne-avocat.fr\/index.php\/ntic\/","name":"NTIC - Sandrine MINNE, AVOCAT SDC Lille M\u00e9tropole","isPartOf":{"@id":"https:\/\/sminne-avocat.fr\/#website"},"primaryImageOfPage":{"@id":"https:\/\/sminne-avocat.fr\/index.php\/ntic\/#primaryimage"},"datePublished":"2020-01-24T12:56:10+00:00","dateModified":"2020-02-13T19:05:37+00:00","description":"Vos droits et obligations sur les nouvelles technologies de l'information et de la communication. Je d\u00e9fends vos droits et je vous conseille...","breadcrumb":{"@id":"https:\/\/sminne-avocat.fr\/index.php\/ntic\/#breadcrumb"},"inLanguage":"fr-FR","potentialAction":[{"@type":"ReadAction","target":["https:\/\/sminne-avocat.fr\/index.php\/ntic\/"]}]},{"@type":"BreadcrumbList","@id":"https:\/\/sminne-avocat.fr\/index.php\/ntic\/#breadcrumb","itemListElement":[{"@type":"ListItem","position":1,"name":"Accueil","item":"https:\/\/sminne-avocat.fr\/"},{"@type":"ListItem","position":2,"name":"NTIC"}]}]}},"_links":{"self":[{"href":"https:\/\/sminne-avocat.fr\/index.php\/wp-json\/wp\/v2\/pages\/12"}],"collection":[{"href":"https:\/\/sminne-avocat.fr\/index.php\/wp-json\/wp\/v2\/pages"}],"about":[{"href":"https:\/\/sminne-avocat.fr\/index.php\/wp-json\/wp\/v2\/types\/page"}],"author":[{"embeddable":true,"href":"https:\/\/sminne-avocat.fr\/index.php\/wp-json\/wp\/v2\/users\/1"}],"replies":[{"embeddable":true,"href":"https:\/\/sminne-avocat.fr\/index.php\/wp-json\/wp\/v2\/comments?post=12"}],"version-history":[{"count":31,"href":"https:\/\/sminne-avocat.fr\/index.php\/wp-json\/wp\/v2\/pages\/12\/revisions"}],"predecessor-version":[{"id":255,"href":"https:\/\/sminne-avocat.fr\/index.php\/wp-json\/wp\/v2\/pages\/12\/revisions\/255"}],"wp:attachment":[{"href":"https:\/\/sminne-avocat.fr\/index.php\/wp-json\/wp\/v2\/media?parent=12"}],"curies":[{"name":"wp","href":"https:\/\/api.w.org\/{rel}","templated":true}]}}