{"id":11,"date":"2020-01-24T13:56:09","date_gmt":"2020-01-24T12:56:09","guid":{"rendered":"http:\/\/sminne-avocat.fr\/?page_id=11"},"modified":"2020-02-13T13:28:40","modified_gmt":"2020-02-13T12:28:40","slug":"propriete-intellectuelle","status":"publish","type":"page","link":"https:\/\/sminne-avocat.fr\/index.php\/propriete-intellectuelle\/","title":{"rendered":"Propri\u00e9t\u00e9 intellectuelle"},"content":{"rendered":"\t\t<div data-elementor-type=\"wp-page\" data-elementor-id=\"11\" class=\"elementor elementor-11\">\n\t\t\t\t\t\t<div class=\"elementor-inner\">\n\t\t\t\t<div class=\"elementor-section-wrap\">\n\t\t\t\t\t\t\t\t\t<section class=\"elementor-section elementor-top-section elementor-element elementor-element-608790b3 elementor-section-boxed elementor-section-height-default elementor-section-height-default\" data-id=\"608790b3\" data-element_type=\"section\" data-settings=\"{&quot;background_background&quot;:&quot;classic&quot;}\">\n\t\t\t\t\t\t<div class=\"elementor-container elementor-column-gap-default\">\n\t\t\t\t\t\t\t<div class=\"elementor-row\">\n\t\t\t\t\t<div class=\"elementor-column elementor-col-100 elementor-top-column elementor-element elementor-element-66d1779\" data-id=\"66d1779\" data-element_type=\"column\">\n\t\t\t<div class=\"elementor-column-wrap elementor-element-populated\">\n\t\t\t\t\t\t\t<div class=\"elementor-widget-wrap\">\n\t\t\t\t\t\t<div class=\"elementor-element elementor-element-5a3acb8f elementor-widget elementor-widget-heading\" data-id=\"5a3acb8f\" data-element_type=\"widget\" data-widget_type=\"heading.default\">\n\t\t\t\t<div class=\"elementor-widget-container\">\n\t\t\t<h1 class=\"elementor-heading-title elementor-size-default\">Propri\u00e9t\u00e9 intellectuelle<\/h1>\t\t<\/div>\n\t\t\t\t<\/div>\n\t\t\t\t<div class=\"elementor-element elementor-element-64e1d9c6 elementor-widget elementor-widget-spacer\" data-id=\"64e1d9c6\" data-element_type=\"widget\" data-widget_type=\"spacer.default\">\n\t\t\t\t<div class=\"elementor-widget-container\">\n\t\t\t\t\t<div class=\"elementor-spacer\">\n\t\t\t<div class=\"elementor-spacer-inner\"><\/div>\n\t\t<\/div>\n\t\t\t\t<\/div>\n\t\t\t\t<\/div>\n\t\t\t\t<section class=\"elementor-section elementor-inner-section elementor-element elementor-element-367f33b0 elementor-section-boxed elementor-section-height-default elementor-section-height-default\" data-id=\"367f33b0\" data-element_type=\"section\">\n\t\t\t\t\t\t<div class=\"elementor-container elementor-column-gap-wide\">\n\t\t\t\t\t\t\t<div class=\"elementor-row\">\n\t\t\t\t\t<div class=\"elementor-column elementor-col-50 elementor-inner-column elementor-element elementor-element-75f80e04\" data-id=\"75f80e04\" data-element_type=\"column\">\n\t\t\t<div class=\"elementor-column-wrap elementor-element-populated\">\n\t\t\t\t\t\t\t<div class=\"elementor-widget-wrap\">\n\t\t\t\t\t\t<div class=\"elementor-element elementor-element-6c78d827 elementor-widget elementor-widget-heading\" data-id=\"6c78d827\" data-element_type=\"widget\" data-widget_type=\"heading.default\">\n\t\t\t\t<div class=\"elementor-widget-container\">\n\t\t\t<h2 class=\"elementor-heading-title elementor-size-default\">Marques<\/h2>\t\t<\/div>\n\t\t\t\t<\/div>\n\t\t\t\t<div class=\"elementor-element elementor-element-70b1edea elementor-widget-divider--view-line elementor-widget elementor-widget-divider\" data-id=\"70b1edea\" data-element_type=\"widget\" data-widget_type=\"divider.default\">\n\t\t\t\t<div class=\"elementor-widget-container\">\n\t\t\t\t\t<div class=\"elementor-divider\">\n\t\t\t<span class=\"elementor-divider-separator\">\n\t\t\t\t\t\t<\/span>\n\t\t<\/div>\n\t\t\t\t<\/div>\n\t\t\t\t<\/div>\n\t\t\t\t<div class=\"elementor-element elementor-element-490c51c6 elementor-widget elementor-widget-image\" data-id=\"490c51c6\" data-element_type=\"widget\" data-widget_type=\"image.default\">\n\t\t\t\t<div class=\"elementor-widget-container\">\n\t\t\t\t\t\t\t\t<div class=\"elementor-image\">\n\t\t\t\t\t\t\t\t\t\t\t\t<img width=\"2560\" height=\"1690\" src=\"https:\/\/sminne-avocat.fr\/wp-content\/uploads\/2020\/02\/Droit-des-Marques-scaled.jpeg\" class=\"attachment-full size-full\" alt=\"Droit des marques\" loading=\"lazy\" srcset=\"https:\/\/sminne-avocat.fr\/wp-content\/uploads\/2020\/02\/Droit-des-Marques-scaled.jpeg 2560w, https:\/\/sminne-avocat.fr\/wp-content\/uploads\/2020\/02\/Droit-des-Marques-300x198.jpeg 300w, https:\/\/sminne-avocat.fr\/wp-content\/uploads\/2020\/02\/Droit-des-Marques-1024x676.jpeg 1024w, https:\/\/sminne-avocat.fr\/wp-content\/uploads\/2020\/02\/Droit-des-Marques-768x507.jpeg 768w, https:\/\/sminne-avocat.fr\/wp-content\/uploads\/2020\/02\/Droit-des-Marques-1536x1014.jpeg 1536w, https:\/\/sminne-avocat.fr\/wp-content\/uploads\/2020\/02\/Droit-des-Marques-2048x1352.jpeg 2048w\" sizes=\"(max-width: 2560px) 100vw, 2560px\" \/>\t\t\t\t\t\t\t\t\t\t\t\t\t\t<\/div>\n\t\t\t\t\t\t<\/div>\n\t\t\t\t<\/div>\n\t\t\t\t<div class=\"elementor-element elementor-element-72275a19 elementor-widget elementor-widget-text-editor\" data-id=\"72275a19\" data-element_type=\"widget\" data-widget_type=\"text-editor.default\">\n\t\t\t\t<div class=\"elementor-widget-container\">\n\t\t\t\t\t\t\t\t<div class=\"elementor-text-editor elementor-clearfix\">\n\t\t\t\t<p>Le cabinet dispose d\u2019une comp\u00e9tence reconnue dans la d\u00e9tection et la protection des actifs de votre entreprise.<\/p><p>L\u2019accompagnement propos\u00e9 permet de prot\u00e9ger les \u00e9l\u00e9ments identifiants de l\u2019entreprise :<\/p><ul><li>marque<\/li><li>nom de domaine<\/li><li>d\u00e9nomination sociale<\/li><li>nom commercial<\/li><\/ul><p>Une \u00e9tude approfondie pr\u00e9alable est indispensable avant d\u2019adopter le nom de votre entreprise.<\/p><p>La r\u00e9daction de contrats d\u2019exploitation est au c\u0153ur de l\u2019activit\u00e9 du cabinet. Contrats de licence, de cession vous permettront d\u2019exploiter au mieux vos droits.<\/p><p>Nous vous assisterons enfin dans la d\u00e9fense de vos droits au cours d\u2019actions en contrefa\u00e7on, en d\u00e9ch\u00e9ance ou en nullit\u00e9.<\/p>\t\t\t\t\t<\/div>\n\t\t\t\t\t\t<\/div>\n\t\t\t\t<\/div>\n\t\t\t\t\t\t<\/div>\n\t\t\t\t\t<\/div>\n\t\t<\/div>\n\t\t\t\t<div class=\"elementor-column elementor-col-50 elementor-inner-column elementor-element elementor-element-222b7526\" data-id=\"222b7526\" data-element_type=\"column\">\n\t\t\t<div class=\"elementor-column-wrap elementor-element-populated\">\n\t\t\t\t\t\t\t<div class=\"elementor-widget-wrap\">\n\t\t\t\t\t\t<div class=\"elementor-element elementor-element-4ba8c8fc elementor-widget elementor-widget-heading\" data-id=\"4ba8c8fc\" data-element_type=\"widget\" data-widget_type=\"heading.default\">\n\t\t\t\t<div class=\"elementor-widget-container\">\n\t\t\t<h2 class=\"elementor-heading-title elementor-size-default\">Brevets<\/h2>\t\t<\/div>\n\t\t\t\t<\/div>\n\t\t\t\t<div class=\"elementor-element elementor-element-7b67ca1c elementor-widget-divider--view-line elementor-widget elementor-widget-divider\" data-id=\"7b67ca1c\" data-element_type=\"widget\" data-widget_type=\"divider.default\">\n\t\t\t\t<div class=\"elementor-widget-container\">\n\t\t\t\t\t<div class=\"elementor-divider\">\n\t\t\t<span class=\"elementor-divider-separator\">\n\t\t\t\t\t\t<\/span>\n\t\t<\/div>\n\t\t\t\t<\/div>\n\t\t\t\t<\/div>\n\t\t\t\t<div class=\"elementor-element elementor-element-e1b2e8c elementor-widget elementor-widget-text-editor\" data-id=\"e1b2e8c\" data-element_type=\"widget\" data-widget_type=\"text-editor.default\">\n\t\t\t\t<div class=\"elementor-widget-container\">\n\t\t\t\t\t\t\t\t<div class=\"elementor-text-editor elementor-clearfix\">\n\t\t\t\t<p>La protection des brevets et innovations de l\u2019entreprise est essentielle \u00e0 son d\u00e9veloppement.<\/p><p>Le cabinet, en partenariat avec un cabinet de Conseil en Propri\u00e9t\u00e9 Intellectuelle, vous permet d\u2019\u00e9valuer la brevetabilit\u00e9 de vos inventions et d\u2019adopter une strat\u00e9gie de d\u00e9p\u00f4t en relation directe avec votre activit\u00e9.<\/p><p>Nous vous accompagnons dans la r\u00e9daction des contrats d\u2019exploitation\u00a0: cession, licence\u2026<\/p><p>Le cabinet repr\u00e9sente fr\u00e9quemment ses clients devant les juridictions comp\u00e9tentes au cours d\u2019action en contrefa\u00e7on, nullit\u00e9 ou revendication.<\/p>\t\t\t\t\t<\/div>\n\t\t\t\t\t\t<\/div>\n\t\t\t\t<\/div>\n\t\t\t\t<div class=\"elementor-element elementor-element-48823c74 elementor-widget elementor-widget-image\" data-id=\"48823c74\" data-element_type=\"widget\" data-widget_type=\"image.default\">\n\t\t\t\t<div class=\"elementor-widget-container\">\n\t\t\t\t\t\t\t\t<div class=\"elementor-image\">\n\t\t\t\t\t\t\t\t\t\t\t\t<img width=\"2560\" height=\"1707\" src=\"https:\/\/sminne-avocat.fr\/wp-content\/uploads\/2020\/02\/D\u00e9p\u00f4t-de-Brevet-scaled.jpeg\" class=\"attachment-full size-full\" alt=\"D\u00e9p\u00f4t de BREVET\" loading=\"lazy\" srcset=\"https:\/\/sminne-avocat.fr\/wp-content\/uploads\/2020\/02\/D\u00e9p\u00f4t-de-Brevet-scaled.jpeg 2560w, https:\/\/sminne-avocat.fr\/wp-content\/uploads\/2020\/02\/D\u00e9p\u00f4t-de-Brevet-300x200.jpeg 300w, https:\/\/sminne-avocat.fr\/wp-content\/uploads\/2020\/02\/D\u00e9p\u00f4t-de-Brevet-1024x683.jpeg 1024w, https:\/\/sminne-avocat.fr\/wp-content\/uploads\/2020\/02\/D\u00e9p\u00f4t-de-Brevet-768x512.jpeg 768w, https:\/\/sminne-avocat.fr\/wp-content\/uploads\/2020\/02\/D\u00e9p\u00f4t-de-Brevet-1536x1024.jpeg 1536w, https:\/\/sminne-avocat.fr\/wp-content\/uploads\/2020\/02\/D\u00e9p\u00f4t-de-Brevet-2048x1365.jpeg 2048w\" sizes=\"(max-width: 2560px) 100vw, 2560px\" \/>\t\t\t\t\t\t\t\t\t\t\t\t\t\t<\/div>\n\t\t\t\t\t\t<\/div>\n\t\t\t\t<\/div>\n\t\t\t\t\t\t<\/div>\n\t\t\t\t\t<\/div>\n\t\t<\/div>\n\t\t\t\t\t\t\t\t<\/div>\n\t\t\t\t\t<\/div>\n\t\t<\/section>\n\t\t\t\t<div class=\"elementor-element elementor-element-7924e0f3 elementor-widget elementor-widget-spacer\" data-id=\"7924e0f3\" data-element_type=\"widget\" data-widget_type=\"spacer.default\">\n\t\t\t\t<div class=\"elementor-widget-container\">\n\t\t\t\t\t<div class=\"elementor-spacer\">\n\t\t\t<div class=\"elementor-spacer-inner\"><\/div>\n\t\t<\/div>\n\t\t\t\t<\/div>\n\t\t\t\t<\/div>\n\t\t\t\t<section class=\"elementor-section elementor-inner-section elementor-element elementor-element-6a0db01f elementor-section-boxed elementor-section-height-default elementor-section-height-default\" data-id=\"6a0db01f\" data-element_type=\"section\">\n\t\t\t\t\t\t<div class=\"elementor-container elementor-column-gap-wide\">\n\t\t\t\t\t\t\t<div class=\"elementor-row\">\n\t\t\t\t\t<div class=\"elementor-column elementor-col-50 elementor-inner-column elementor-element elementor-element-6d545d2d\" data-id=\"6d545d2d\" data-element_type=\"column\">\n\t\t\t<div class=\"elementor-column-wrap elementor-element-populated\">\n\t\t\t\t\t\t\t<div class=\"elementor-widget-wrap\">\n\t\t\t\t\t\t<div class=\"elementor-element elementor-element-45b6c38b elementor-widget elementor-widget-heading\" data-id=\"45b6c38b\" data-element_type=\"widget\" data-widget_type=\"heading.default\">\n\t\t\t\t<div class=\"elementor-widget-container\">\n\t\t\t<h2 class=\"elementor-heading-title elementor-size-default\">Dessins et mod\u00e8les<\/h2>\t\t<\/div>\n\t\t\t\t<\/div>\n\t\t\t\t<div class=\"elementor-element elementor-element-4a2ed7ba elementor-widget-divider--view-line elementor-widget elementor-widget-divider\" data-id=\"4a2ed7ba\" data-element_type=\"widget\" data-widget_type=\"divider.default\">\n\t\t\t\t<div class=\"elementor-widget-container\">\n\t\t\t\t\t<div class=\"elementor-divider\">\n\t\t\t<span class=\"elementor-divider-separator\">\n\t\t\t\t\t\t<\/span>\n\t\t<\/div>\n\t\t\t\t<\/div>\n\t\t\t\t<\/div>\n\t\t\t\t<div class=\"elementor-element elementor-element-124f1d4e elementor-widget elementor-widget-image\" data-id=\"124f1d4e\" data-element_type=\"widget\" data-widget_type=\"image.default\">\n\t\t\t\t<div class=\"elementor-widget-container\">\n\t\t\t\t\t\t\t\t<div class=\"elementor-image\">\n\t\t\t\t\t\t\t\t\t\t\t\t<img width=\"2560\" height=\"1707\" src=\"https:\/\/sminne-avocat.fr\/wp-content\/uploads\/2020\/02\/Protection-de-dessins-et-mod\u00e8les-scaled.jpeg\" class=\"attachment-full size-full\" alt=\"Dessins et Mod\u00e8les - Propri\u00e9t\u00e9 Intellectuelle\" loading=\"lazy\" srcset=\"https:\/\/sminne-avocat.fr\/wp-content\/uploads\/2020\/02\/Protection-de-dessins-et-mod\u00e8les-scaled.jpeg 2560w, https:\/\/sminne-avocat.fr\/wp-content\/uploads\/2020\/02\/Protection-de-dessins-et-mod\u00e8les-300x200.jpeg 300w, https:\/\/sminne-avocat.fr\/wp-content\/uploads\/2020\/02\/Protection-de-dessins-et-mod\u00e8les-1024x683.jpeg 1024w, https:\/\/sminne-avocat.fr\/wp-content\/uploads\/2020\/02\/Protection-de-dessins-et-mod\u00e8les-768x512.jpeg 768w, https:\/\/sminne-avocat.fr\/wp-content\/uploads\/2020\/02\/Protection-de-dessins-et-mod\u00e8les-1536x1024.jpeg 1536w, https:\/\/sminne-avocat.fr\/wp-content\/uploads\/2020\/02\/Protection-de-dessins-et-mod\u00e8les-2048x1365.jpeg 2048w\" sizes=\"(max-width: 2560px) 100vw, 2560px\" \/>\t\t\t\t\t\t\t\t\t\t\t\t\t\t<\/div>\n\t\t\t\t\t\t<\/div>\n\t\t\t\t<\/div>\n\t\t\t\t<div class=\"elementor-element elementor-element-68714f94 elementor-widget elementor-widget-text-editor\" data-id=\"68714f94\" data-element_type=\"widget\" data-widget_type=\"text-editor.default\">\n\t\t\t\t<div class=\"elementor-widget-container\">\n\t\t\t\t\t\t\t\t<div class=\"elementor-text-editor elementor-clearfix\">\n\t\t\t\t<p>La protection conf\u00e9r\u00e9e par le droit des dessins et mod\u00e8les permet de b\u00e9n\u00e9ficier d\u2019un monopole d\u2019exploitation sur le territoire d\u00e9sign\u00e9.<\/p><p>Le cabinet dispose d\u2019une comp\u00e9tence reconnue en strat\u00e9gie de d\u00e9p\u00f4t, intervenant en partenariat avec un cabinet de conseil en Propri\u00e9t\u00e9 intellectuelle.<\/p><p>L\u2019intervention d\u2019un sp\u00e9cialiste est indispensable lors de la r\u00e9daction des contrats d\u2019exploitation\u00a0: cession ou licence pour valoriser et s\u00e9curiser vos droits.<\/p><p>Nous vous repr\u00e9sentons \u00e9galement \u00e0 l\u2019occasion du contentieux sp\u00e9cialis\u00e9 de la validit\u00e9 et de la contrefa\u00e7on des dessins et mod\u00e8les.<\/p>\t\t\t\t\t<\/div>\n\t\t\t\t\t\t<\/div>\n\t\t\t\t<\/div>\n\t\t\t\t\t\t<\/div>\n\t\t\t\t\t<\/div>\n\t\t<\/div>\n\t\t\t\t<div class=\"elementor-column elementor-col-50 elementor-inner-column elementor-element elementor-element-70b80176\" data-id=\"70b80176\" data-element_type=\"column\">\n\t\t\t<div class=\"elementor-column-wrap elementor-element-populated\">\n\t\t\t\t\t\t\t<div class=\"elementor-widget-wrap\">\n\t\t\t\t\t\t<div class=\"elementor-element elementor-element-51305efd elementor-widget elementor-widget-heading\" data-id=\"51305efd\" data-element_type=\"widget\" data-widget_type=\"heading.default\">\n\t\t\t\t<div class=\"elementor-widget-container\">\n\t\t\t<h2 class=\"elementor-heading-title elementor-size-default\">Droits d'auteur<\/h2>\t\t<\/div>\n\t\t\t\t<\/div>\n\t\t\t\t<div class=\"elementor-element elementor-element-1465a609 elementor-widget-divider--view-line elementor-widget elementor-widget-divider\" data-id=\"1465a609\" data-element_type=\"widget\" data-widget_type=\"divider.default\">\n\t\t\t\t<div class=\"elementor-widget-container\">\n\t\t\t\t\t<div class=\"elementor-divider\">\n\t\t\t<span class=\"elementor-divider-separator\">\n\t\t\t\t\t\t<\/span>\n\t\t<\/div>\n\t\t\t\t<\/div>\n\t\t\t\t<\/div>\n\t\t\t\t<div class=\"elementor-element elementor-element-7baee489 elementor-widget elementor-widget-text-editor\" data-id=\"7baee489\" data-element_type=\"widget\" data-widget_type=\"text-editor.default\">\n\t\t\t\t<div class=\"elementor-widget-container\">\n\t\t\t\t\t\t\t\t<div class=\"elementor-text-editor elementor-clearfix\">\n\t\t\t\t<p>Le droit d\u2019auteur prot\u00e8ge les cr\u00e9ations originales sans qu\u2019un d\u00e9p\u00f4t soit n\u00e9cessaire. Nous conseillons nos clients afin de v\u00e9rifier la protection par le droit d\u2019auteur et d\u2019organiser la preuve de la cr\u00e9ation.<\/p><p>La r\u00e9daction des contrats d\u2019exploitation extr\u00eamement encadr\u00e9e par le code de la propri\u00e9t\u00e9 intellectuelle n\u00e9cessite \u00e9galement l\u2019intervention d\u2019un avocat sp\u00e9cialiste.<\/p><p>Le cabinet Sandrine Minne AVOCATS vous accompagne lors des litiges en contrefa\u00e7on depuis les op\u00e9rations de saisie-contrefa\u00e7on jusqu\u2019\u00e0 l\u2019action en contrefa\u00e7on.<\/p>\t\t\t\t\t<\/div>\n\t\t\t\t\t\t<\/div>\n\t\t\t\t<\/div>\n\t\t\t\t<div class=\"elementor-element elementor-element-5dcbb03d elementor-widget elementor-widget-image\" data-id=\"5dcbb03d\" data-element_type=\"widget\" data-widget_type=\"image.default\">\n\t\t\t\t<div class=\"elementor-widget-container\">\n\t\t\t\t\t\t\t\t<div class=\"elementor-image\">\n\t\t\t\t\t\t\t\t\t\t\t\t<img width=\"2560\" height=\"2316\" src=\"https:\/\/sminne-avocat.fr\/wp-content\/uploads\/2020\/02\/Protection-Droits-dAuteur-scaled.jpeg\" class=\"attachment-full size-full\" alt=\"Droits d&#039;auteur - protection\" loading=\"lazy\" srcset=\"https:\/\/sminne-avocat.fr\/wp-content\/uploads\/2020\/02\/Protection-Droits-dAuteur-scaled.jpeg 2560w, https:\/\/sminne-avocat.fr\/wp-content\/uploads\/2020\/02\/Protection-Droits-dAuteur-300x271.jpeg 300w, https:\/\/sminne-avocat.fr\/wp-content\/uploads\/2020\/02\/Protection-Droits-dAuteur-1024x926.jpeg 1024w, https:\/\/sminne-avocat.fr\/wp-content\/uploads\/2020\/02\/Protection-Droits-dAuteur-768x695.jpeg 768w, https:\/\/sminne-avocat.fr\/wp-content\/uploads\/2020\/02\/Protection-Droits-dAuteur-1536x1390.jpeg 1536w, https:\/\/sminne-avocat.fr\/wp-content\/uploads\/2020\/02\/Protection-Droits-dAuteur-2048x1853.jpeg 2048w\" sizes=\"(max-width: 2560px) 100vw, 2560px\" \/>\t\t\t\t\t\t\t\t\t\t\t\t\t\t<\/div>\n\t\t\t\t\t\t<\/div>\n\t\t\t\t<\/div>\n\t\t\t\t\t\t<\/div>\n\t\t\t\t\t<\/div>\n\t\t<\/div>\n\t\t\t\t\t\t\t\t<\/div>\n\t\t\t\t\t<\/div>\n\t\t<\/section>\n\t\t\t\t<div class=\"elementor-element elementor-element-7e785977 elementor-widget elementor-widget-spacer\" data-id=\"7e785977\" data-element_type=\"widget\" data-widget_type=\"spacer.default\">\n\t\t\t\t<div class=\"elementor-widget-container\">\n\t\t\t\t\t<div class=\"elementor-spacer\">\n\t\t\t<div class=\"elementor-spacer-inner\"><\/div>\n\t\t<\/div>\n\t\t\t\t<\/div>\n\t\t\t\t<\/div>\n\t\t\t\t\t\t<\/div>\n\t\t\t\t\t<\/div>\n\t\t<\/div>\n\t\t\t\t\t\t\t\t<\/div>\n\t\t\t\t\t<\/div>\n\t\t<\/section>\n\t\t\t\t\t\t\t\t\t<\/div>\n\t\t\t<\/div>\n\t\t\t\t\t<\/div>\n\t\t","protected":false},"excerpt":{"rendered":"<p>Propri\u00e9t\u00e9 intellectuelle Marques Le cabinet dispose d\u2019une comp\u00e9tence reconnue dans la d\u00e9tection et la protection des actifs de votre entreprise. L\u2019accompagnement propos\u00e9 permet de prot\u00e9ger les \u00e9l\u00e9ments identifiants de l\u2019entreprise : marque nom de domaine d\u00e9nomination sociale nom commercial Une \u00e9tude approfondie pr\u00e9alable est indispensable avant d\u2019adopter le nom de votre entreprise. La r\u00e9daction de [&hellip;]<\/p>\n","protected":false},"author":1,"featured_media":0,"parent":0,"menu_order":0,"comment_status":"closed","ping_status":"closed","template":"","meta":[],"yoast_head":"<!-- This site is optimized with the Yoast SEO plugin v18.6 - https:\/\/yoast.com\/wordpress\/plugins\/seo\/ -->\n<title>Propri\u00e9t\u00e9 intellectuelle - Sandrine MINNE, AVOCAT SDC Lille M\u00e9tropole<\/title>\n<meta name=\"description\" content=\"Vos droits sur la propri\u00e9t\u00e9 intellectuelle : brevet - droit d&#039;auteur - d\u00e9p\u00f4t de marque... Optez pour un avocat sp\u00e9cialis\u00e9 !\" \/>\n<meta name=\"robots\" content=\"index, follow, max-snippet:-1, max-image-preview:large, max-video-preview:-1\" \/>\n<link rel=\"canonical\" href=\"https:\/\/sminne-avocat.fr\/index.php\/propriete-intellectuelle\/\" \/>\n<meta property=\"og:locale\" content=\"fr_FR\" \/>\n<meta property=\"og:type\" content=\"article\" \/>\n<meta property=\"og:title\" content=\"Propri\u00e9t\u00e9 intellectuelle - Sandrine MINNE, AVOCAT SDC Lille M\u00e9tropole\" \/>\n<meta property=\"og:description\" content=\"Vos droits sur la propri\u00e9t\u00e9 intellectuelle : brevet - droit d&#039;auteur - d\u00e9p\u00f4t de marque... Optez pour un avocat sp\u00e9cialis\u00e9 !\" \/>\n<meta property=\"og:url\" content=\"https:\/\/sminne-avocat.fr\/index.php\/propriete-intellectuelle\/\" \/>\n<meta property=\"og:site_name\" content=\"Sandrine MINNE, AVOCAT\" \/>\n<meta property=\"article:modified_time\" content=\"2020-02-13T12:28:40+00:00\" \/>\n<meta property=\"og:image\" content=\"http:\/\/sminne-avocat.fr\/wp-content\/uploads\/2020\/02\/Droit-des-Marques-scaled.jpeg\" \/>\n<meta name=\"twitter:card\" content=\"summary_large_image\" \/>\n<meta name=\"twitter:label1\" content=\"Dur\u00e9e de lecture estim\u00e9e\" \/>\n\t<meta name=\"twitter:data1\" content=\"2 minutes\" \/>\n<script type=\"application\/ld+json\" class=\"yoast-schema-graph\">{\"@context\":\"https:\/\/schema.org\",\"@graph\":[{\"@type\":\"WebSite\",\"@id\":\"https:\/\/sminne-avocat.fr\/#website\",\"url\":\"https:\/\/sminne-avocat.fr\/\",\"name\":\"Sandrine MINNE, AVOCAT\",\"description\":\"\",\"potentialAction\":[{\"@type\":\"SearchAction\",\"target\":{\"@type\":\"EntryPoint\",\"urlTemplate\":\"https:\/\/sminne-avocat.fr\/?s={search_term_string}\"},\"query-input\":\"required name=search_term_string\"}],\"inLanguage\":\"fr-FR\"},{\"@type\":\"ImageObject\",\"@id\":\"https:\/\/sminne-avocat.fr\/index.php\/propriete-intellectuelle\/#primaryimage\",\"inLanguage\":\"fr-FR\",\"url\":\"https:\/\/sminne-avocat.fr\/wp-content\/uploads\/2020\/02\/Droit-des-Marques-scaled.jpeg\",\"contentUrl\":\"https:\/\/sminne-avocat.fr\/wp-content\/uploads\/2020\/02\/Droit-des-Marques-scaled.jpeg\",\"width\":2560,\"height\":1690,\"caption\":\"Droit des marques\"},{\"@type\":\"WebPage\",\"@id\":\"https:\/\/sminne-avocat.fr\/index.php\/propriete-intellectuelle\/#webpage\",\"url\":\"https:\/\/sminne-avocat.fr\/index.php\/propriete-intellectuelle\/\",\"name\":\"Propri\u00e9t\u00e9 intellectuelle - Sandrine MINNE, AVOCAT SDC Lille M\u00e9tropole\",\"isPartOf\":{\"@id\":\"https:\/\/sminne-avocat.fr\/#website\"},\"primaryImageOfPage\":{\"@id\":\"https:\/\/sminne-avocat.fr\/index.php\/propriete-intellectuelle\/#primaryimage\"},\"datePublished\":\"2020-01-24T12:56:09+00:00\",\"dateModified\":\"2020-02-13T12:28:40+00:00\",\"description\":\"Vos droits sur la propri\u00e9t\u00e9 intellectuelle : brevet - droit d'auteur - d\u00e9p\u00f4t de marque... Optez pour un avocat sp\u00e9cialis\u00e9 !\",\"breadcrumb\":{\"@id\":\"https:\/\/sminne-avocat.fr\/index.php\/propriete-intellectuelle\/#breadcrumb\"},\"inLanguage\":\"fr-FR\",\"potentialAction\":[{\"@type\":\"ReadAction\",\"target\":[\"https:\/\/sminne-avocat.fr\/index.php\/propriete-intellectuelle\/\"]}]},{\"@type\":\"BreadcrumbList\",\"@id\":\"https:\/\/sminne-avocat.fr\/index.php\/propriete-intellectuelle\/#breadcrumb\",\"itemListElement\":[{\"@type\":\"ListItem\",\"position\":1,\"name\":\"Accueil\",\"item\":\"https:\/\/sminne-avocat.fr\/\"},{\"@type\":\"ListItem\",\"position\":2,\"name\":\"Propri\u00e9t\u00e9 intellectuelle\"}]}]}<\/script>\n<!-- \/ Yoast SEO plugin. -->","yoast_head_json":{"title":"Propri\u00e9t\u00e9 intellectuelle - Sandrine MINNE, AVOCAT SDC Lille M\u00e9tropole","description":"Vos droits sur la propri\u00e9t\u00e9 intellectuelle : brevet - droit d'auteur - d\u00e9p\u00f4t de marque... Optez pour un avocat sp\u00e9cialis\u00e9 !","robots":{"index":"index","follow":"follow","max-snippet":"max-snippet:-1","max-image-preview":"max-image-preview:large","max-video-preview":"max-video-preview:-1"},"canonical":"https:\/\/sminne-avocat.fr\/index.php\/propriete-intellectuelle\/","og_locale":"fr_FR","og_type":"article","og_title":"Propri\u00e9t\u00e9 intellectuelle - Sandrine MINNE, AVOCAT SDC Lille M\u00e9tropole","og_description":"Vos droits sur la propri\u00e9t\u00e9 intellectuelle : brevet - droit d'auteur - d\u00e9p\u00f4t de marque... Optez pour un avocat sp\u00e9cialis\u00e9 !","og_url":"https:\/\/sminne-avocat.fr\/index.php\/propriete-intellectuelle\/","og_site_name":"Sandrine MINNE, AVOCAT","article_modified_time":"2020-02-13T12:28:40+00:00","og_image":[{"url":"http:\/\/sminne-avocat.fr\/wp-content\/uploads\/2020\/02\/Droit-des-Marques-scaled.jpeg"}],"twitter_card":"summary_large_image","twitter_misc":{"Dur\u00e9e de lecture estim\u00e9e":"2 minutes"},"schema":{"@context":"https:\/\/schema.org","@graph":[{"@type":"WebSite","@id":"https:\/\/sminne-avocat.fr\/#website","url":"https:\/\/sminne-avocat.fr\/","name":"Sandrine MINNE, AVOCAT","description":"","potentialAction":[{"@type":"SearchAction","target":{"@type":"EntryPoint","urlTemplate":"https:\/\/sminne-avocat.fr\/?s={search_term_string}"},"query-input":"required name=search_term_string"}],"inLanguage":"fr-FR"},{"@type":"ImageObject","@id":"https:\/\/sminne-avocat.fr\/index.php\/propriete-intellectuelle\/#primaryimage","inLanguage":"fr-FR","url":"https:\/\/sminne-avocat.fr\/wp-content\/uploads\/2020\/02\/Droit-des-Marques-scaled.jpeg","contentUrl":"https:\/\/sminne-avocat.fr\/wp-content\/uploads\/2020\/02\/Droit-des-Marques-scaled.jpeg","width":2560,"height":1690,"caption":"Droit des marques"},{"@type":"WebPage","@id":"https:\/\/sminne-avocat.fr\/index.php\/propriete-intellectuelle\/#webpage","url":"https:\/\/sminne-avocat.fr\/index.php\/propriete-intellectuelle\/","name":"Propri\u00e9t\u00e9 intellectuelle - Sandrine MINNE, AVOCAT SDC Lille M\u00e9tropole","isPartOf":{"@id":"https:\/\/sminne-avocat.fr\/#website"},"primaryImageOfPage":{"@id":"https:\/\/sminne-avocat.fr\/index.php\/propriete-intellectuelle\/#primaryimage"},"datePublished":"2020-01-24T12:56:09+00:00","dateModified":"2020-02-13T12:28:40+00:00","description":"Vos droits sur la propri\u00e9t\u00e9 intellectuelle : brevet - droit d'auteur - d\u00e9p\u00f4t de marque... Optez pour un avocat sp\u00e9cialis\u00e9 !","breadcrumb":{"@id":"https:\/\/sminne-avocat.fr\/index.php\/propriete-intellectuelle\/#breadcrumb"},"inLanguage":"fr-FR","potentialAction":[{"@type":"ReadAction","target":["https:\/\/sminne-avocat.fr\/index.php\/propriete-intellectuelle\/"]}]},{"@type":"BreadcrumbList","@id":"https:\/\/sminne-avocat.fr\/index.php\/propriete-intellectuelle\/#breadcrumb","itemListElement":[{"@type":"ListItem","position":1,"name":"Accueil","item":"https:\/\/sminne-avocat.fr\/"},{"@type":"ListItem","position":2,"name":"Propri\u00e9t\u00e9 intellectuelle"}]}]}},"_links":{"self":[{"href":"https:\/\/sminne-avocat.fr\/index.php\/wp-json\/wp\/v2\/pages\/11"}],"collection":[{"href":"https:\/\/sminne-avocat.fr\/index.php\/wp-json\/wp\/v2\/pages"}],"about":[{"href":"https:\/\/sminne-avocat.fr\/index.php\/wp-json\/wp\/v2\/types\/page"}],"author":[{"embeddable":true,"href":"https:\/\/sminne-avocat.fr\/index.php\/wp-json\/wp\/v2\/users\/1"}],"replies":[{"embeddable":true,"href":"https:\/\/sminne-avocat.fr\/index.php\/wp-json\/wp\/v2\/comments?post=11"}],"version-history":[{"count":17,"href":"https:\/\/sminne-avocat.fr\/index.php\/wp-json\/wp\/v2\/pages\/11\/revisions"}],"predecessor-version":[{"id":206,"href":"https:\/\/sminne-avocat.fr\/index.php\/wp-json\/wp\/v2\/pages\/11\/revisions\/206"}],"wp:attachment":[{"href":"https:\/\/sminne-avocat.fr\/index.php\/wp-json\/wp\/v2\/media?parent=11"}],"curies":[{"name":"wp","href":"https:\/\/api.w.org\/{rel}","templated":true}]}}