{"id":10,"date":"2020-01-24T13:56:09","date_gmt":"2020-01-24T12:56:09","guid":{"rendered":"http:\/\/sminne-avocat.fr\/?page_id=10"},"modified":"2020-02-13T19:50:50","modified_gmt":"2020-02-13T18:50:50","slug":"rgpd","status":"publish","type":"page","link":"https:\/\/sminne-avocat.fr\/index.php\/rgpd\/","title":{"rendered":"RGPD"},"content":{"rendered":"\t\t<div data-elementor-type=\"wp-page\" data-elementor-id=\"10\" class=\"elementor elementor-10\">\n\t\t\t\t\t\t<div class=\"elementor-inner\">\n\t\t\t\t<div class=\"elementor-section-wrap\">\n\t\t\t\t\t\t\t\t\t<section class=\"elementor-section elementor-top-section elementor-element elementor-element-20fce716 elementor-section-boxed elementor-section-height-default elementor-section-height-default\" data-id=\"20fce716\" data-element_type=\"section\" data-settings=\"{&quot;background_background&quot;:&quot;classic&quot;}\">\n\t\t\t\t\t\t<div class=\"elementor-container elementor-column-gap-default\">\n\t\t\t\t\t\t\t<div class=\"elementor-row\">\n\t\t\t\t\t<div class=\"elementor-column elementor-col-100 elementor-top-column elementor-element elementor-element-4e070615\" data-id=\"4e070615\" data-element_type=\"column\">\n\t\t\t<div class=\"elementor-column-wrap elementor-element-populated\">\n\t\t\t\t\t\t\t<div class=\"elementor-widget-wrap\">\n\t\t\t\t\t\t<div class=\"elementor-element elementor-element-63d0b7c elementor-widget elementor-widget-heading\" data-id=\"63d0b7c\" data-element_type=\"widget\" data-widget_type=\"heading.default\">\n\t\t\t\t<div class=\"elementor-widget-container\">\n\t\t\t<h1 class=\"elementor-heading-title elementor-size-default\">RGPD \/\/ Mise aux normes \/\/ Vos droits et obligations<\/h1>\t\t<\/div>\n\t\t\t\t<\/div>\n\t\t\t\t<div class=\"elementor-element elementor-element-3a4432c0 elementor-widget elementor-widget-text-editor\" data-id=\"3a4432c0\" data-element_type=\"widget\" data-widget_type=\"text-editor.default\">\n\t\t\t\t<div class=\"elementor-widget-container\">\n\t\t\t\t\t\t\t\t<div class=\"elementor-text-editor elementor-clearfix\">\n\t\t\t\t<p>Un sujet d&rsquo;actualit\u00e9 pour toutes les entreprises, PME comme Grands Groupes<\/p>\t\t\t\t\t<\/div>\n\t\t\t\t\t\t<\/div>\n\t\t\t\t<\/div>\n\t\t\t\t<div class=\"elementor-element elementor-element-3542c954 elementor-widget elementor-widget-spacer\" data-id=\"3542c954\" data-element_type=\"widget\" data-widget_type=\"spacer.default\">\n\t\t\t\t<div class=\"elementor-widget-container\">\n\t\t\t\t\t<div class=\"elementor-spacer\">\n\t\t\t<div class=\"elementor-spacer-inner\"><\/div>\n\t\t<\/div>\n\t\t\t\t<\/div>\n\t\t\t\t<\/div>\n\t\t\t\t<section class=\"elementor-section elementor-inner-section elementor-element elementor-element-2babf7d0 elementor-section-boxed elementor-section-height-default elementor-section-height-default\" data-id=\"2babf7d0\" data-element_type=\"section\">\n\t\t\t\t\t\t<div class=\"elementor-container elementor-column-gap-wide\">\n\t\t\t\t\t\t\t<div class=\"elementor-row\">\n\t\t\t\t\t<div class=\"elementor-column elementor-col-33 elementor-inner-column elementor-element elementor-element-5dba882f\" data-id=\"5dba882f\" data-element_type=\"column\">\n\t\t\t<div class=\"elementor-column-wrap elementor-element-populated\">\n\t\t\t\t\t\t\t<div class=\"elementor-widget-wrap\">\n\t\t\t\t\t\t<div class=\"elementor-element elementor-element-59af2f66 elementor-widget elementor-widget-heading\" data-id=\"59af2f66\" data-element_type=\"widget\" data-widget_type=\"heading.default\">\n\t\t\t\t<div class=\"elementor-widget-container\">\n\t\t\t<h2 class=\"elementor-heading-title elementor-size-default\">Vos obligations<\/h2>\t\t<\/div>\n\t\t\t\t<\/div>\n\t\t\t\t<div class=\"elementor-element elementor-element-1323c3b9 elementor-widget-divider--view-line elementor-widget elementor-widget-divider\" data-id=\"1323c3b9\" data-element_type=\"widget\" data-widget_type=\"divider.default\">\n\t\t\t\t<div class=\"elementor-widget-container\">\n\t\t\t\t\t<div class=\"elementor-divider\">\n\t\t\t<span class=\"elementor-divider-separator\">\n\t\t\t\t\t\t<\/span>\n\t\t<\/div>\n\t\t\t\t<\/div>\n\t\t\t\t<\/div>\n\t\t\t\t<div class=\"elementor-element elementor-element-4a24245c elementor-widget elementor-widget-image\" data-id=\"4a24245c\" data-element_type=\"widget\" data-widget_type=\"image.default\">\n\t\t\t\t<div class=\"elementor-widget-container\">\n\t\t\t\t\t\t\t\t<div class=\"elementor-image\">\n\t\t\t\t\t\t\t\t\t\t\t\t<img width=\"2560\" height=\"1707\" src=\"https:\/\/sminne-avocat.fr\/wp-content\/uploads\/2020\/02\/RGPD_droits-et-obligations-scaled.jpeg\" class=\"attachment-full size-full\" alt=\"RGPD visuel Droits et Obligations\" loading=\"lazy\" srcset=\"https:\/\/sminne-avocat.fr\/wp-content\/uploads\/2020\/02\/RGPD_droits-et-obligations-scaled.jpeg 2560w, https:\/\/sminne-avocat.fr\/wp-content\/uploads\/2020\/02\/RGPD_droits-et-obligations-300x200.jpeg 300w, https:\/\/sminne-avocat.fr\/wp-content\/uploads\/2020\/02\/RGPD_droits-et-obligations-1024x683.jpeg 1024w, https:\/\/sminne-avocat.fr\/wp-content\/uploads\/2020\/02\/RGPD_droits-et-obligations-768x512.jpeg 768w, https:\/\/sminne-avocat.fr\/wp-content\/uploads\/2020\/02\/RGPD_droits-et-obligations-1536x1024.jpeg 1536w, https:\/\/sminne-avocat.fr\/wp-content\/uploads\/2020\/02\/RGPD_droits-et-obligations-2048x1365.jpeg 2048w\" sizes=\"(max-width: 2560px) 100vw, 2560px\" \/>\t\t\t\t\t\t\t\t\t\t\t\t\t\t<\/div>\n\t\t\t\t\t\t<\/div>\n\t\t\t\t<\/div>\n\t\t\t\t<div class=\"elementor-element elementor-element-4520810e elementor-widget elementor-widget-text-editor\" data-id=\"4520810e\" data-element_type=\"widget\" data-widget_type=\"text-editor.default\">\n\t\t\t\t<div class=\"elementor-widget-container\">\n\t\t\t\t\t\t\t\t<div class=\"elementor-text-editor elementor-clearfix\">\n\t\t\t\t<p>Le r\u00e8glement n\u1d52 2016\/679, dit r\u00e8glement g\u00e9n\u00e9ral sur la protection des donn\u00e9es (RGPD, ou encore GDPR, de l&rsquo;anglais General Data Protection Regulation), r\u00e9git depuis mai 2018 la protection des donn\u00e9es \u00e0 caract\u00e8re personnel.<\/p><p>De nouvelles obligations s\u2019imposent aux entreprises qui doivent d\u00e9sormais pouvoir d\u00e9montrer la conformit\u00e9 de leurs pratiques au regard du droit des personnes concern\u00e9es.<\/p><p>Vous \u00eates employeur, entreprise commerciale d\u00e9tenant des fichiers clients, collectivit\u00e9, vous devez vous mettre en conformit\u00e9 !<\/p>\t\t\t\t\t<\/div>\n\t\t\t\t\t\t<\/div>\n\t\t\t\t<\/div>\n\t\t\t\t\t\t<\/div>\n\t\t\t\t\t<\/div>\n\t\t<\/div>\n\t\t\t\t<div class=\"elementor-column elementor-col-33 elementor-inner-column elementor-element elementor-element-482ab99e\" data-id=\"482ab99e\" data-element_type=\"column\">\n\t\t\t<div class=\"elementor-column-wrap elementor-element-populated\">\n\t\t\t\t\t\t\t<div class=\"elementor-widget-wrap\">\n\t\t\t\t\t\t<div class=\"elementor-element elementor-element-1e0df678 elementor-widget elementor-widget-heading\" data-id=\"1e0df678\" data-element_type=\"widget\" data-widget_type=\"heading.default\">\n\t\t\t\t<div class=\"elementor-widget-container\">\n\t\t\t<h2 class=\"elementor-heading-title elementor-size-default\">Les \u00e9tapes cl\u00e9s<\/h2>\t\t<\/div>\n\t\t\t\t<\/div>\n\t\t\t\t<div class=\"elementor-element elementor-element-57051337 elementor-widget-divider--view-line elementor-widget elementor-widget-divider\" data-id=\"57051337\" data-element_type=\"widget\" data-widget_type=\"divider.default\">\n\t\t\t\t<div class=\"elementor-widget-container\">\n\t\t\t\t\t<div class=\"elementor-divider\">\n\t\t\t<span class=\"elementor-divider-separator\">\n\t\t\t\t\t\t<\/span>\n\t\t<\/div>\n\t\t\t\t<\/div>\n\t\t\t\t<\/div>\n\t\t\t\t<div class=\"elementor-element elementor-element-34de06f3 elementor-widget elementor-widget-text-editor\" data-id=\"34de06f3\" data-element_type=\"widget\" data-widget_type=\"text-editor.default\">\n\t\t\t\t<div class=\"elementor-widget-container\">\n\t\t\t\t\t\t\t\t<div class=\"elementor-text-editor elementor-clearfix\">\n\t\t\t\t<p>Le cabinet vous assiste dans l\u2019audit de vos pratiques ( r\u00e9vision des contrats, v\u00e9rification du recueil des consentements, analyse de la s\u00e9curit\u00e9).<\/p><p>Nous r\u00e9digeons vos proc\u00e9dures, registre des traitements , charte et information au personnel.<\/p><p>Nous vous conseillons en cas de r\u00e9clamation par des tiers ou dans l\u2019hypoth\u00e8se de contr\u00f4le par la CNIL.<\/p>\t\t\t\t\t<\/div>\n\t\t\t\t\t\t<\/div>\n\t\t\t\t<\/div>\n\t\t\t\t<div class=\"elementor-element elementor-element-7b7d4040 elementor-widget elementor-widget-image\" data-id=\"7b7d4040\" data-element_type=\"widget\" data-widget_type=\"image.default\">\n\t\t\t\t<div class=\"elementor-widget-container\">\n\t\t\t\t\t\t\t\t<div class=\"elementor-image\">\n\t\t\t\t\t\t\t\t\t\t\t\t<img width=\"2560\" height=\"1440\" src=\"https:\/\/sminne-avocat.fr\/wp-content\/uploads\/2020\/02\/Les-cl\u00e9s-juridiques-de-la-RGPD-scaled.jpeg\" class=\"attachment-full size-full\" alt=\"Les cl\u00e9s de la RGPD\" loading=\"lazy\" srcset=\"https:\/\/sminne-avocat.fr\/wp-content\/uploads\/2020\/02\/Les-cl\u00e9s-juridiques-de-la-RGPD-scaled.jpeg 2560w, https:\/\/sminne-avocat.fr\/wp-content\/uploads\/2020\/02\/Les-cl\u00e9s-juridiques-de-la-RGPD-300x169.jpeg 300w, https:\/\/sminne-avocat.fr\/wp-content\/uploads\/2020\/02\/Les-cl\u00e9s-juridiques-de-la-RGPD-1024x576.jpeg 1024w, https:\/\/sminne-avocat.fr\/wp-content\/uploads\/2020\/02\/Les-cl\u00e9s-juridiques-de-la-RGPD-768x432.jpeg 768w, https:\/\/sminne-avocat.fr\/wp-content\/uploads\/2020\/02\/Les-cl\u00e9s-juridiques-de-la-RGPD-1536x864.jpeg 1536w, https:\/\/sminne-avocat.fr\/wp-content\/uploads\/2020\/02\/Les-cl\u00e9s-juridiques-de-la-RGPD-2048x1152.jpeg 2048w\" sizes=\"(max-width: 2560px) 100vw, 2560px\" \/>\t\t\t\t\t\t\t\t\t\t\t\t\t\t<\/div>\n\t\t\t\t\t\t<\/div>\n\t\t\t\t<\/div>\n\t\t\t\t\t\t<\/div>\n\t\t\t\t\t<\/div>\n\t\t<\/div>\n\t\t\t\t<div class=\"elementor-column elementor-col-33 elementor-inner-column elementor-element elementor-element-21a87842\" data-id=\"21a87842\" data-element_type=\"column\">\n\t\t\t<div class=\"elementor-column-wrap elementor-element-populated\">\n\t\t\t\t\t\t\t<div class=\"elementor-widget-wrap\">\n\t\t\t\t\t\t<div class=\"elementor-element elementor-element-62fe2942 elementor-widget elementor-widget-heading\" data-id=\"62fe2942\" data-element_type=\"widget\" data-widget_type=\"heading.default\">\n\t\t\t\t<div class=\"elementor-widget-container\">\n\t\t\t<h2 class=\"elementor-heading-title elementor-size-default\">Les points de vigilance<\/h2>\t\t<\/div>\n\t\t\t\t<\/div>\n\t\t\t\t<div class=\"elementor-element elementor-element-48c813fc elementor-widget-divider--view-line elementor-widget elementor-widget-divider\" data-id=\"48c813fc\" data-element_type=\"widget\" data-widget_type=\"divider.default\">\n\t\t\t\t<div class=\"elementor-widget-container\">\n\t\t\t\t\t<div class=\"elementor-divider\">\n\t\t\t<span class=\"elementor-divider-separator\">\n\t\t\t\t\t\t<\/span>\n\t\t<\/div>\n\t\t\t\t<\/div>\n\t\t\t\t<\/div>\n\t\t\t\t<div class=\"elementor-element elementor-element-62b48ea2 elementor-widget elementor-widget-image\" data-id=\"62b48ea2\" data-element_type=\"widget\" data-widget_type=\"image.default\">\n\t\t\t\t<div class=\"elementor-widget-container\">\n\t\t\t\t\t\t\t\t<div class=\"elementor-image\">\n\t\t\t\t\t\t\t\t\t\t\t\t<img width=\"261\" height=\"117\" src=\"https:\/\/sminne-avocat.fr\/wp-content\/uploads\/2020\/02\/AdobeStock_202411728-rgpd-01.png\" class=\"attachment-full size-full\" alt=\"RGPD Les points de vigilance\" loading=\"lazy\" \/>\t\t\t\t\t\t\t\t\t\t\t\t\t\t<\/div>\n\t\t\t\t\t\t<\/div>\n\t\t\t\t<\/div>\n\t\t\t\t<div class=\"elementor-element elementor-element-34bdb3d9 elementor-widget elementor-widget-text-editor\" data-id=\"34bdb3d9\" data-element_type=\"widget\" data-widget_type=\"text-editor.default\">\n\t\t\t\t<div class=\"elementor-widget-container\">\n\t\t\t\t\t\t\t\t<div class=\"elementor-text-editor elementor-clearfix\">\n\t\t\t\t<p>Le cabinet\u00a0 conseille tant des PME que des grands groupes. Au cours de ses missions, nous avons attir\u00e9 l\u2019attention de nos clients sur des pratiques\u00a0 n\u00e9cessitant une vigilance accrue.<\/p><p>Les contrats des salari\u00e9s de l\u2019entreprise doivent \u00eatre audit\u00e9s avec la plus grande attention, et les \u00e9ventuels dispositifs de g\u00e9olocalisation de vid\u00e9osurveillance, de suivi du temps de travail doivent \u00eatre \u00e9tudi\u00e9s avec attention.<\/p><p>Il convient de v\u00e9rifier la n\u00e9cessit\u00e9 d\u2019une \u00e9tude d\u2019impact.<\/p>\t\t\t\t\t<\/div>\n\t\t\t\t\t\t<\/div>\n\t\t\t\t<\/div>\n\t\t\t\t\t\t<\/div>\n\t\t\t\t\t<\/div>\n\t\t<\/div>\n\t\t\t\t\t\t\t\t<\/div>\n\t\t\t\t\t<\/div>\n\t\t<\/section>\n\t\t\t\t<div class=\"elementor-element elementor-element-7a7cae38 elementor-widget elementor-widget-spacer\" data-id=\"7a7cae38\" data-element_type=\"widget\" data-widget_type=\"spacer.default\">\n\t\t\t\t<div class=\"elementor-widget-container\">\n\t\t\t\t\t<div class=\"elementor-spacer\">\n\t\t\t<div class=\"elementor-spacer-inner\"><\/div>\n\t\t<\/div>\n\t\t\t\t<\/div>\n\t\t\t\t<\/div>\n\t\t\t\t<div class=\"elementor-element elementor-element-15979666 elementor-widget elementor-widget-spacer\" data-id=\"15979666\" data-element_type=\"widget\" data-widget_type=\"spacer.default\">\n\t\t\t\t<div class=\"elementor-widget-container\">\n\t\t\t\t\t<div class=\"elementor-spacer\">\n\t\t\t<div class=\"elementor-spacer-inner\"><\/div>\n\t\t<\/div>\n\t\t\t\t<\/div>\n\t\t\t\t<\/div>\n\t\t\t\t\t\t<\/div>\n\t\t\t\t\t<\/div>\n\t\t<\/div>\n\t\t\t\t\t\t\t\t<\/div>\n\t\t\t\t\t<\/div>\n\t\t<\/section>\n\t\t\t\t\t\t\t\t\t<\/div>\n\t\t\t<\/div>\n\t\t\t\t\t<\/div>\n\t\t","protected":false},"excerpt":{"rendered":"<p>RGPD \/\/ Mise aux normes \/\/ Vos droits et obligations Un sujet d&rsquo;actualit\u00e9 pour toutes les entreprises, PME comme Grands Groupes Vos obligations Le r\u00e8glement n\u1d52 2016\/679, dit r\u00e8glement g\u00e9n\u00e9ral sur la protection des donn\u00e9es (RGPD, ou encore GDPR, de l&rsquo;anglais General Data Protection Regulation), r\u00e9git depuis mai 2018 la protection des donn\u00e9es \u00e0 caract\u00e8re [&hellip;]<\/p>\n","protected":false},"author":1,"featured_media":0,"parent":0,"menu_order":0,"comment_status":"closed","ping_status":"closed","template":"","meta":[],"yoast_head":"<!-- This site is optimized with the Yoast SEO plugin v18.6 - https:\/\/yoast.com\/wordpress\/plugins\/seo\/ -->\n<title>RGPD - Sandrine MINNE - Avocat sp\u00e9cialis\u00e9 - SDC Lille M\u00e9tropole<\/title>\n<meta name=\"description\" content=\"Je vous accompagne sur la RGPD pour sa mise en place dans votre entreprise. Je d\u00e9fends vos droits et vous conseille pour garantir la mise en conformit\u00e9...\" \/>\n<meta name=\"robots\" content=\"index, follow, max-snippet:-1, max-image-preview:large, max-video-preview:-1\" \/>\n<link rel=\"canonical\" href=\"https:\/\/sminne-avocat.fr\/index.php\/rgpd\/\" \/>\n<meta property=\"og:locale\" content=\"fr_FR\" \/>\n<meta property=\"og:type\" content=\"article\" \/>\n<meta property=\"og:title\" content=\"RGPD - Sandrine MINNE - Avocat sp\u00e9cialis\u00e9 - SDC Lille M\u00e9tropole\" \/>\n<meta property=\"og:description\" content=\"Je vous accompagne sur la RGPD pour sa mise en place dans votre entreprise. Je d\u00e9fends vos droits et vous conseille pour garantir la mise en conformit\u00e9...\" \/>\n<meta property=\"og:url\" content=\"https:\/\/sminne-avocat.fr\/index.php\/rgpd\/\" \/>\n<meta property=\"og:site_name\" content=\"Sandrine MINNE, AVOCAT\" \/>\n<meta property=\"article:modified_time\" content=\"2020-02-13T18:50:50+00:00\" \/>\n<meta property=\"og:image\" content=\"http:\/\/sminne-avocat.fr\/wp-content\/uploads\/2020\/02\/RGPD_droits-et-obligations-scaled.jpeg\" \/>\n<meta name=\"twitter:card\" content=\"summary_large_image\" \/>\n<meta name=\"twitter:label1\" content=\"Dur\u00e9e de lecture estim\u00e9e\" \/>\n\t<meta name=\"twitter:data1\" content=\"1 minute\" \/>\n<script type=\"application\/ld+json\" class=\"yoast-schema-graph\">{\"@context\":\"https:\/\/schema.org\",\"@graph\":[{\"@type\":\"WebSite\",\"@id\":\"https:\/\/sminne-avocat.fr\/#website\",\"url\":\"https:\/\/sminne-avocat.fr\/\",\"name\":\"Sandrine MINNE, AVOCAT\",\"description\":\"\",\"potentialAction\":[{\"@type\":\"SearchAction\",\"target\":{\"@type\":\"EntryPoint\",\"urlTemplate\":\"https:\/\/sminne-avocat.fr\/?s={search_term_string}\"},\"query-input\":\"required name=search_term_string\"}],\"inLanguage\":\"fr-FR\"},{\"@type\":\"ImageObject\",\"@id\":\"https:\/\/sminne-avocat.fr\/index.php\/rgpd\/#primaryimage\",\"inLanguage\":\"fr-FR\",\"url\":\"https:\/\/sminne-avocat.fr\/wp-content\/uploads\/2020\/02\/RGPD_droits-et-obligations-scaled.jpeg\",\"contentUrl\":\"https:\/\/sminne-avocat.fr\/wp-content\/uploads\/2020\/02\/RGPD_droits-et-obligations-scaled.jpeg\",\"width\":2560,\"height\":1707,\"caption\":\"RGPD visuel Droits et Obligations\"},{\"@type\":\"WebPage\",\"@id\":\"https:\/\/sminne-avocat.fr\/index.php\/rgpd\/#webpage\",\"url\":\"https:\/\/sminne-avocat.fr\/index.php\/rgpd\/\",\"name\":\"RGPD - Sandrine MINNE - Avocat sp\u00e9cialis\u00e9 - SDC Lille M\u00e9tropole\",\"isPartOf\":{\"@id\":\"https:\/\/sminne-avocat.fr\/#website\"},\"primaryImageOfPage\":{\"@id\":\"https:\/\/sminne-avocat.fr\/index.php\/rgpd\/#primaryimage\"},\"datePublished\":\"2020-01-24T12:56:09+00:00\",\"dateModified\":\"2020-02-13T18:50:50+00:00\",\"description\":\"Je vous accompagne sur la RGPD pour sa mise en place dans votre entreprise. Je d\u00e9fends vos droits et vous conseille pour garantir la mise en conformit\u00e9...\",\"breadcrumb\":{\"@id\":\"https:\/\/sminne-avocat.fr\/index.php\/rgpd\/#breadcrumb\"},\"inLanguage\":\"fr-FR\",\"potentialAction\":[{\"@type\":\"ReadAction\",\"target\":[\"https:\/\/sminne-avocat.fr\/index.php\/rgpd\/\"]}]},{\"@type\":\"BreadcrumbList\",\"@id\":\"https:\/\/sminne-avocat.fr\/index.php\/rgpd\/#breadcrumb\",\"itemListElement\":[{\"@type\":\"ListItem\",\"position\":1,\"name\":\"Accueil\",\"item\":\"https:\/\/sminne-avocat.fr\/\"},{\"@type\":\"ListItem\",\"position\":2,\"name\":\"RGPD\"}]}]}<\/script>\n<!-- \/ Yoast SEO plugin. -->","yoast_head_json":{"title":"RGPD - Sandrine MINNE - Avocat sp\u00e9cialis\u00e9 - SDC Lille M\u00e9tropole","description":"Je vous accompagne sur la RGPD pour sa mise en place dans votre entreprise. Je d\u00e9fends vos droits et vous conseille pour garantir la mise en conformit\u00e9...","robots":{"index":"index","follow":"follow","max-snippet":"max-snippet:-1","max-image-preview":"max-image-preview:large","max-video-preview":"max-video-preview:-1"},"canonical":"https:\/\/sminne-avocat.fr\/index.php\/rgpd\/","og_locale":"fr_FR","og_type":"article","og_title":"RGPD - Sandrine MINNE - Avocat sp\u00e9cialis\u00e9 - SDC Lille M\u00e9tropole","og_description":"Je vous accompagne sur la RGPD pour sa mise en place dans votre entreprise. Je d\u00e9fends vos droits et vous conseille pour garantir la mise en conformit\u00e9...","og_url":"https:\/\/sminne-avocat.fr\/index.php\/rgpd\/","og_site_name":"Sandrine MINNE, AVOCAT","article_modified_time":"2020-02-13T18:50:50+00:00","og_image":[{"url":"http:\/\/sminne-avocat.fr\/wp-content\/uploads\/2020\/02\/RGPD_droits-et-obligations-scaled.jpeg"}],"twitter_card":"summary_large_image","twitter_misc":{"Dur\u00e9e de lecture estim\u00e9e":"1 minute"},"schema":{"@context":"https:\/\/schema.org","@graph":[{"@type":"WebSite","@id":"https:\/\/sminne-avocat.fr\/#website","url":"https:\/\/sminne-avocat.fr\/","name":"Sandrine MINNE, AVOCAT","description":"","potentialAction":[{"@type":"SearchAction","target":{"@type":"EntryPoint","urlTemplate":"https:\/\/sminne-avocat.fr\/?s={search_term_string}"},"query-input":"required name=search_term_string"}],"inLanguage":"fr-FR"},{"@type":"ImageObject","@id":"https:\/\/sminne-avocat.fr\/index.php\/rgpd\/#primaryimage","inLanguage":"fr-FR","url":"https:\/\/sminne-avocat.fr\/wp-content\/uploads\/2020\/02\/RGPD_droits-et-obligations-scaled.jpeg","contentUrl":"https:\/\/sminne-avocat.fr\/wp-content\/uploads\/2020\/02\/RGPD_droits-et-obligations-scaled.jpeg","width":2560,"height":1707,"caption":"RGPD visuel Droits et Obligations"},{"@type":"WebPage","@id":"https:\/\/sminne-avocat.fr\/index.php\/rgpd\/#webpage","url":"https:\/\/sminne-avocat.fr\/index.php\/rgpd\/","name":"RGPD - Sandrine MINNE - Avocat sp\u00e9cialis\u00e9 - SDC Lille M\u00e9tropole","isPartOf":{"@id":"https:\/\/sminne-avocat.fr\/#website"},"primaryImageOfPage":{"@id":"https:\/\/sminne-avocat.fr\/index.php\/rgpd\/#primaryimage"},"datePublished":"2020-01-24T12:56:09+00:00","dateModified":"2020-02-13T18:50:50+00:00","description":"Je vous accompagne sur la RGPD pour sa mise en place dans votre entreprise. Je d\u00e9fends vos droits et vous conseille pour garantir la mise en conformit\u00e9...","breadcrumb":{"@id":"https:\/\/sminne-avocat.fr\/index.php\/rgpd\/#breadcrumb"},"inLanguage":"fr-FR","potentialAction":[{"@type":"ReadAction","target":["https:\/\/sminne-avocat.fr\/index.php\/rgpd\/"]}]},{"@type":"BreadcrumbList","@id":"https:\/\/sminne-avocat.fr\/index.php\/rgpd\/#breadcrumb","itemListElement":[{"@type":"ListItem","position":1,"name":"Accueil","item":"https:\/\/sminne-avocat.fr\/"},{"@type":"ListItem","position":2,"name":"RGPD"}]}]}},"_links":{"self":[{"href":"https:\/\/sminne-avocat.fr\/index.php\/wp-json\/wp\/v2\/pages\/10"}],"collection":[{"href":"https:\/\/sminne-avocat.fr\/index.php\/wp-json\/wp\/v2\/pages"}],"about":[{"href":"https:\/\/sminne-avocat.fr\/index.php\/wp-json\/wp\/v2\/types\/page"}],"author":[{"embeddable":true,"href":"https:\/\/sminne-avocat.fr\/index.php\/wp-json\/wp\/v2\/users\/1"}],"replies":[{"embeddable":true,"href":"https:\/\/sminne-avocat.fr\/index.php\/wp-json\/wp\/v2\/comments?post=10"}],"version-history":[{"count":22,"href":"https:\/\/sminne-avocat.fr\/index.php\/wp-json\/wp\/v2\/pages\/10\/revisions"}],"predecessor-version":[{"id":252,"href":"https:\/\/sminne-avocat.fr\/index.php\/wp-json\/wp\/v2\/pages\/10\/revisions\/252"}],"wp:attachment":[{"href":"https:\/\/sminne-avocat.fr\/index.php\/wp-json\/wp\/v2\/media?parent=10"}],"curies":[{"name":"wp","href":"https:\/\/api.w.org\/{rel}","templated":true}]}}